
{"id":39276,"date":"2024-01-19T18:11:06","date_gmt":"2024-01-19T18:11:06","guid":{"rendered":"https:\/\/mexicoborderdentist.com\/?page_id=39276"},"modified":"2024-01-19T18:11:06","modified_gmt":"2024-01-19T18:11:06","slug":"guia-de-turismo-dental-tratamiento-dental-en-juarez-mexico","status":"publish","type":"page","link":"https:\/\/mexicoborderdentist.com\/es\/guia-de-turismo-dental-tratamiento-dental-en-juarez-mexico\/","title":{"rendered":"Gu\u00eda definitiva para el tratamiento dental por Dentista en Ju\u00e1rez M\u00e9xico"},"content":{"rendered":"<figure class=\"aligncenter wp-block-post-featured-image\"><img fetchpriority=\"high\" decoding=\"async\" width=\"900\" height=\"365\" src=\"https:\/\/mexicoborderdentist.com\/wp-content\/uploads\/Dentistry-Tourism-Guide-Dental-Treatment-in-Juarez-Mexico.png\" class=\"attachment-post-thumbnail size-post-thumbnail wp-post-image\" alt=\"Guia de Turismo Odontologico | Tratamiento Dental en Juarez Mexico\" style=\"object-fit:cover;\" srcset=\"https:\/\/mexicoborderdentist.com\/wp-content\/uploads\/Dentistry-Tourism-Guide-Dental-Treatment-in-Juarez-Mexico.png 900w, https:\/\/mexicoborderdentist.com\/wp-content\/uploads\/Dentistry-Tourism-Guide-Dental-Treatment-in-Juarez-Mexico-300x122.png 300w, https:\/\/mexicoborderdentist.com\/wp-content\/uploads\/Dentistry-Tourism-Guide-Dental-Treatment-in-Juarez-Mexico-150x61.png 150w, https:\/\/mexicoborderdentist.com\/wp-content\/uploads\/Dentistry-Tourism-Guide-Dental-Treatment-in-Juarez-Mexico-768x311.png 768w\" sizes=\"(max-width: 900px) 100vw, 900px\" title=\"\"><\/figure>\n\n\n<h2 class=\"wp-block-heading\"><span class=\"ez-toc-section\" id=\"dentist-in-juarez-mexico-dentistry-tourism-guide\"><\/span>Dentista en Juarez Mexico | Gu\u00eda de Turismo Odontol\u00f3gico<span class=\"ez-toc-section-end\"><\/span><\/h2>\n\n\n\n<p>Tratamiento Dental en Juarez Mexico es una buena idea. Dentistas en Juarez Mexico ofrecen increibles tratamientos dentales, especialmente si vives cerca de la frontera. A pesar de los inconvenientes archivados de Ju\u00e1rez en el pasado reciente, esta ciudad fronteriza de negocios clamorosa atrae con seguridad a pacientes dentales de los EE.UU. y Canad\u00e1 en busca de una consideraci\u00f3n razonable y excelente.<\/p>\n\n\n\n<h2 class=\"wp-block-heading\"><span class=\"ez-toc-section\" id=\"where-is-juarez-mexico\"><\/span>\u00bfD\u00f3nde est\u00e1 Ju\u00e1rez M\u00e9xico?<span class=\"ez-toc-section-end\"><\/span><\/h2>\n\n\n\n<p>Ju\u00e1rez est\u00e1 situada en el territorio mexicano de Chihuahua. Se encuentra a orillas del R\u00edo Grande, s\u00f3lo al sur de El Paso (Texas), en la l\u00ednea entre Estados Unidos y M\u00e9xico.<\/p>\n\n\n\n<p>A poca distancia de la ciudad texana de El Paso, hacia el norte, la fabricaci\u00f3n y otros negocios han hecho que Ju\u00e1rez pase de ser un polvoriento pueblo fronterizo a una floreciente ciudad moderna de 1,5 millones de habitantes.<\/p>\n\n\n\n<p><span style=\"text-decoration: underline;\"><strong><a style=\"text-decoration: underline;\" href=\"https:\/\/mexicoborderdentist.com\/es\/tratamientos-dentales\/\">Tratamiento dental<\/a><\/strong><\/span> en Juarez Mexico esta empezando de nuevo con la reapertura de viejos edificios y nuevos emprendimientos saltando por toda la ciudad. Enormes cantidades de personas se est\u00e1n trasladando a la ciudad en busca de puestos de trabajo. Enormes organizaciones de innovaci\u00f3n y actividades conjuntas, como Bosch, Delphi, Hewlett-Packard, Honeywell, Johnson y Johnson y Lexmark trabajan juntos de forma segura en Ju\u00e1rez una cantidad aparentemente interminable de un gran n\u00famero de a\u00f1os.<\/p>\n\n\n\n<p>Tratamiento Dental en Juarez Mexico la industria del turismo aqu\u00ed, de manera similar a numerosas otras ciudades fronterizas mexicanas, sigue siendo un famoso y en desarrollo de apoyo a la econom\u00eda de la ciudad. El f\u00e1cil acceso, los incre\u00edbles costes y los elevados requisitos han garantizado una s\u00f3lida progresi\u00f3n de pacientes nuevos y de repetici\u00f3n. Nuestros especialistas dentales de calidad contrastada pueden ofrecerle tratamientos dentales hasta 80% m\u00e1s baratos que en su pa\u00eds, sin merma de la calidad.<\/p>\n\n\n\n<h2 class=\"wp-block-heading\"><span class=\"ez-toc-section\" id=\"why-visit-a-dentist-in-juarez-mexico\"><\/span>\u00bfPor qu\u00e9 visitar a un dentista en Ju\u00e1rez M\u00e9xico?<span class=\"ez-toc-section-end\"><\/span><\/h2>\n\n\n\n<p>La mayor\u00eda de las personas que visitan un tratamiento dental en Ju\u00e1rez M\u00e9xico de los Estados Unidos son de los territorios cercanos de Texas y Nuevo M\u00e9xico. En lo que a ellos respecta, el costo y el alojamiento es un gran atractivo. Ju\u00e1rez invita progresivamente a los viajeros dentales de m\u00e1s lejos en el extranjero, incluyendo Canad\u00e1, ya que pueden viajar a varios cierra por terminales a\u00e9reas, incluyendo El Paso Internacional, un simple ocho millas en coche de Ju\u00e1rez.<\/p>\n\n\n\n<p>Los especialistas dentales en Ju\u00e1rez son conocidos desde hace tiempo por su implicaci\u00f3n en el trabajo con pacientes desconocidos: llevan mucho tiempo tratando a pacientes estadounidenses a lo largo de la frontera. De hecho, algunos especialistas dentales trabajan s\u00f3lo con pacientes estadounidenses y canadienses y se han preparado o han obtenido capacidades de postgrado en los Estados Unidos.<\/p>\n\n\n\n<p>Para atraer a los pacientes del extranjero, los especialistas dentales mexicanos se esfuerzan por obtener las capacidades que son evidentes para los pacientes desconocidos, que dan una indicaci\u00f3n de la confianza que est\u00e1n dotados para llevar a cabo el procedimiento requerido. Muchos son individuos de la Asociaci\u00f3n Dental Americana que da consuelo a los pacientes que un especialista dental se ha reunido y se pega a las directrices de un mundo-adorado asociaci\u00f3n competente Tratamiento Dental en Ju\u00e1rez M\u00e9xico.<\/p>\n\n\n\n<h3 class=\"wp-block-heading\">\u00bfCu\u00e1nto puedo ahorrar para un tratamiento dental en Ju\u00e1rez M\u00e9xico?<\/h3>\n\n\n\n<p>Los especialistas dentales en Ju\u00e1rez dan un alcance completo de la gran consideraci\u00f3n dental en los l\u00edmites de 40-75% sobre lo que usted puede esperar pagar en casa, por ejemplo:<\/p>\n\n\n\n<ul class=\"wp-block-list\">\n<li>Una corona dental en EE.UU. cuesta $1.200 frente a $380 en Ju\u00e1rez<\/li>\n\n\n\n<li>La zanja radicular, el poste y la corona en EE.UU. cuestan $2.200 frente a $570 en Ju\u00e1rez<\/li>\n\n\n\n<li>Implante dental y corona en EEUU cuesta $3.900 frente a $1.750 en Ju\u00e1rez<\/li>\n<\/ul>\n\n\n\n<h3 class=\"wp-block-heading\">\u00bfD\u00f3nde alojarse para un tratamiento dental en Ju\u00e1rez, M\u00e9xico?<\/h3>\n\n\n\n<p>A la mayor\u00eda de los exploradores dentales les gusta quedarse cerca del Consulado de EE.UU. y hay una gran variedad de posadas cerca. Muchas personas deciden quedarse m\u00e1s all\u00e1 de la l\u00ednea en El Paso, a s\u00f3lo 30 minutos hacia el norte. Desde ese punto es un simple paseo a la frontera, ya sea en veh\u00edculo de alquiler o taxi. Una parte de nuestros especialistas dentales Juarez le recoger\u00e1 de su alojamiento en El Paso y le llevar\u00e1 de vuelta aqu\u00ed despu\u00e9s de su arreglo dental.<\/p>\n\n\n\n<h3 class=\"wp-block-heading\">\u00bfEs Seguro Tener Vacaciones Dentales en Juarez Mexico?<\/h3>\n\n\n\n<p>De hecho, a pesar de los disturbios sociales y pol\u00edticos Tratamiento Dental en Ju\u00e1rez M\u00e9xico lamentablemente ha experimentado a largo plazo, Ju\u00e1rez est\u00e1 bien para los grandes n\u00fameros que cruzan la frontera en M\u00e9xico constantemente. Esto es doblemente v\u00e1lido para los pacientes dentales, que, de la misma manera que otros de los viajeros de negocios de Ju\u00e1rez, se centran en torno a la empresa y no propensos a ser encontrados los caminos tarde alrededor de la noche. La gran mayor\u00eda de nuestros mejores <span style=\"text-decoration: underline;\"><strong><a style=\"text-decoration: underline;\" href=\"https:\/\/mexicoborderdentist.com\/es\/clinicas-dentales\/\">Cl\u00ednicas dentales<\/a><\/strong><\/span> ofrecer servicios de transporte desde y hasta su alojamiento en El Paso o Ju\u00e1rez, o desde la terminal a\u00e9rea.<\/p>\n\n\n\n<h3 class=\"wp-block-heading\">\u00bfEs la calidad de la cl\u00ednica dental en Ju\u00e1rez M\u00e9xico la misma que en casa?<\/h3>\n\n\n\n<p>La naturaleza de la atenci\u00f3n en nuestras mejores cl\u00ednicas de Ju\u00e1rez es comparable a las directrices que esperar\u00eda encontrar en su pa\u00eds. Las verificaciones de registros garantizan que los principales especialistas dentales que ofrecen tratamientos dentales de calidad predominante est\u00e9n destacados en nuestro sitio. Un gran n\u00famero de pacientes de EE.UU. y Canad\u00e1 visitan las cl\u00ednicas dentales constantemente.<\/p>\n\n\n\n<p>Los dentistas en Ju\u00e1rez M\u00e9xico han estado tratando a pacientes estadounidenses y canadienses durante bastante tiempo, y muchos tienen pacientes constantes que regresan cada a\u00f1o. Los pacientes veteranos son agradables y contentos con el tratamiento y las oficinas aqu\u00ed, que son tan perfectas, actuales y limpias como cualquier cosa en casa. A decir verdad, nuestras mejores cl\u00ednicas aqu\u00ed son nuevas y presumen de tener el mejor hardware de su clase, algo que su especialista dental en casa podr\u00eda envidiarle.<\/p>\n\n\n\n<h2 class=\"wp-block-heading\"><span class=\"ez-toc-section\" id=\"advantages-of-choosing-dentist-in-juarez-mexico\"><\/span>Ventajas de elegir Dentista en Ju\u00e1rez M\u00e9xico<span class=\"ez-toc-section-end\"><\/span><\/h2>\n\n\n\n<p>Aqu\u00ed hay varias ventajas que usted puede obtener de la utilizaci\u00f3n de Tratamiento Dental en Ju\u00e1rez M\u00e9xico:<\/p>\n\n\n\n<ul class=\"wp-block-list\">\n<li>Los mejores m\u00e9dicos, recursos y equipos<\/li>\n\n\n\n<li>Proximidad a EE.UU.<\/li>\n\n\n\n<li>Tratamientos a medida<\/li>\n\n\n\n<li>Seguro para <strong><u><a href=\"https:\/\/mexicoborderdentist.com\/es\/paquetes-dentales\/\">Paquetes dentales<\/a><\/u><\/strong><\/li>\n\n\n\n<li>Numerosas instalaciones m\u00e9dicas modernas<\/li>\n\n\n\n<li>Precio asequible<\/li>\n\n\n\n<li>Mejora del habla<\/li>\n\n\n\n<li>Aspecto mejorado<\/li>\n\n\n\n<li>Facilita la alimentaci\u00f3n<\/li>\n\n\n\n<li>Mejora de la autoestima<\/li>\n\n\n\n<li>Mejora de la salud bucodental<\/li>\n\n\n\n<li>Mejora duradera<\/li>\n\n\n\n<li>Dentistas formados y certificados<\/li>\n\n\n\n<li>Disfrute de la gran hospitalidad mexicana<\/li>\n<\/ul>\n\n\n\n<h2 class=\"wp-block-heading\"><span class=\"ez-toc-section\" id=\"dental-procedures-by-dentist-in-juarez-mexico\"><\/span>Procedimientos Dentales por Dentista en Juarez Mexico<span class=\"ez-toc-section-end\"><\/span><\/h2>\n\n\n\n<p>Aqu\u00ed hay varios procedimientos dentales por dentista en Ju\u00e1rez M\u00e9xico que usted puede seleccionar. Aseg\u00farese de elegir el mejor que usted necesita:<\/p>\n\n\n\n<h3 class=\"wp-block-heading\"><strong>Procedimientos Dentales en Juarez Mexico<\/strong><\/h3>\n\n\n\n<ul class=\"wp-block-list\">\n<li><strong><u><a href=\"https:\/\/mexicoborderdentist.com\/es\/tratamientos-dentales\/implantes-dentales-en-mexico\/\">Implantes dentales<\/a><\/u><\/strong><\/li>\n\n\n\n<li><strong><u><a href=\"https:\/\/mexicoborderdentist.com\/es\/tratamientos-dentales\/dentaduras\/\">Dentaduras postizas<\/a><\/u><\/strong><\/li>\n\n\n\n<li><strong><u><a href=\"https:\/\/mexicoborderdentist.com\/es\/tratamientos-dentales\/tratamiento-de-conducto\/\">Endodoncia<\/a><\/u><\/strong><\/li>\n\n\n\n<li><strong><u><a href=\"https:\/\/mexicoborderdentist.com\/es\/tratamientos-dentales\/carillas-dentales\/\">Carillas dentales<\/a><\/u><\/strong><\/li>\n\n\n\n<li><strong><u><a href=\"https:\/\/mexicoborderdentist.com\/es\/tratamientos-dentales\/puentes-dentales\/\">Puente dental<\/a><\/u><\/strong><\/li>\n\n\n\n<li><strong><u><a href=\"https:\/\/mexicoborderdentist.com\/es\/tratamientos-dentales\/all-on-4-implantes-dentales-en-mexico\/\">Implantes dentales All on 4<\/a><\/u><\/strong><\/li>\n\n\n\n<li><strong><u><a href=\"https:\/\/mexicoborderdentist.com\/es\/tratamientos-dentales\/todo-sobre-6-implantes-dentales\/\">Implantes dentales All on 6<\/a><\/u><\/strong><\/li>\n\n\n\n<li><strong><u><a href=\"https:\/\/mexicoborderdentist.com\/es\/tratamientos-dentales\/implantes-dentales-all-on-8\/\">Implantes dentales All on 8<\/a><\/u><\/strong><\/li>\n\n\n\n<li><strong><u><a href=\"https:\/\/mexicoborderdentist.com\/es\/tratamientos-dentales\/coronas-dentales\/\">Coronas dentales<\/a><\/u><\/strong><\/li>\n\n\n\n<li><strong><u><a href=\"https:\/\/mexicoborderdentist.com\/es\/tratamientos-dentales\/tratamiento-de-ortodoncia\/\">Ortodoncia<\/a><\/u><\/strong><\/li>\n\n\n\n<li><strong><u><a href=\"https:\/\/mexicoborderdentist.com\/es\/tratamientos-dentales\/extraccion-de-la-muela-del-juicio\/\">Extracci\u00f3n de muelas del juicio<\/a><\/u><\/strong><\/li>\n<\/ul>\n\n\n\n<h2 class=\"wp-block-heading\"><span class=\"ez-toc-section\" id=\"price-list-for-dental-treatment-by-best-dentist-in-juarez-mexico\"><\/span>Lista de precios para el tratamiento dental por el mejor dentista en Juarez Mexico<span class=\"ez-toc-section-end\"><\/span><\/h2>\n\n\n\n<p>Consulte a continuaci\u00f3n m\u00e1s informaci\u00f3n sobre el precio de los Tratamientos Dentales en Ju\u00e1rez M\u00e9xico:<\/p>\n\n\n\n<figure class=\"wp-block-table is-style-stripes\"><table><thead><tr><th class=\"has-text-align-left\" data-align=\"left\">Procedimiento<\/th><th class=\"has-text-align-left\" data-align=\"left\">Coste<\/th><\/tr><\/thead><tbody><tr><td class=\"has-text-align-left\" data-align=\"left\">Implantes dentales All on 4<\/td><td class=\"has-text-align-left\" data-align=\"left\">$4,180<\/td><\/tr><tr><td class=\"has-text-align-left\" data-align=\"left\">Implantes dentales All on 6<\/td><td class=\"has-text-align-left\" data-align=\"left\">$5,400<\/td><\/tr><tr><td class=\"has-text-align-left\" data-align=\"left\">Implantes dentales All on 8<\/td><td class=\"has-text-align-left\" data-align=\"left\">$7,780<\/td><\/tr><tr><td class=\"has-text-align-left\" data-align=\"left\">Dentaduras postizas<\/td><td class=\"has-text-align-left\" data-align=\"left\">$65<\/td><\/tr><tr><td class=\"has-text-align-left\" data-align=\"left\">Blanqueamiento dental<\/td><td class=\"has-text-align-left\" data-align=\"left\">$100<\/td><\/tr><tr><td class=\"has-text-align-left\" data-align=\"left\">Empastes dentales<\/td><td class=\"has-text-align-left\" data-align=\"left\">$120<\/td><\/tr><tr><td class=\"has-text-align-left\" data-align=\"left\">Odontolog\u00eda est\u00e9tica<\/td><td class=\"has-text-align-left\" data-align=\"left\">$139<\/td><\/tr><tr><td class=\"has-text-align-left\" data-align=\"left\">Implantes dentales<\/td><td class=\"has-text-align-left\" data-align=\"left\">$149<\/td><\/tr><tr><td class=\"has-text-align-left\" data-align=\"left\">Carillas dentales<\/td><td class=\"has-text-align-left\" data-align=\"left\">$320<\/td><\/tr><tr><td class=\"has-text-align-left\" data-align=\"left\">Coronas dentales<\/td><td class=\"has-text-align-left\" data-align=\"left\">$347<\/td><\/tr><\/tbody><\/table><figcaption class=\"wp-element-caption\"><em>Costo del Trabajo Dental en Juarez Mexico<\/em><\/figcaption><\/figure>\n\n\n\n<p><strong>Nota:<\/strong> <em>El precio puede variar y el cambio depende de la complejidad de los problemas, as\u00ed como de las condiciones del paciente.<\/em><\/p>\n\n\n\n<h3 class=\"wp-block-heading\">\u00bfQu\u00e9 pasa si algo sale mal? \u00bfGarantizar\u00e1 mi Dentista en Ju\u00e1rez M\u00e9xico el Trabajo?<\/h3>\n\n\n\n<p>Un n\u00famero peque\u00f1o pero excepcionalmente serio de Dentistas en Ju\u00e1rez M\u00e9xico garantiza que los costos se mantengan bajos y, lo que es m\u00e1s importante, que los principios del tratamiento se mantengan altos. Para su tranquilidad, en el caso improbable de un problema con cualquier parte de su tratamiento, nuestro Dentista en Juarez Mexico garantiza el trabajo, para el procedimiento, pero tambi\u00e9n para cualquier trabajo de laboratorio que pueda ser necesario (para los dientes postizos o coronas, por ejemplo).<\/p>\n\n\n\n<h3 class=\"wp-block-heading\">\u00bfNecesito hablar espa\u00f1ol cuando hablo con un dentista en Ju\u00e1rez, M\u00e9xico?<\/h3>\n\n\n\n<p>No. <strong><u><a href=\"https:\/\/mexicoborderdentist.com\/es\/dentista\/\">Dentistas<\/a><\/u><\/strong> en Ju\u00e1rez M\u00e9xico est\u00e1n familiarizados con el trabajo con pacientes estadounidenses y canadienses y se comunican en ingl\u00e9s bastante bien. Asimismo, encontrar\u00e1 un ingl\u00e9s aceptable en los alojamientos y restaurantes de Ju\u00e1rez, especialmente en las fundaciones cercanas a la oficina del Consulado General.<\/p>\n\n\n\n<h3 class=\"wp-block-heading\">\u00bfQu\u00e9 m\u00e9todos de pago aceptan la mayor\u00eda de los dentistas en Ju\u00e1rez, M\u00e9xico?<\/h3>\n\n\n\n<p>Todos los Dentistas en Ju\u00e1rez M\u00e9xico aceptan efectivo en los Estados Unidos y la mayor\u00eda aceptan tarjetas de cr\u00e9dito y d\u00e9bito, cheques individuales y garantizados. Los cambios con tarjeta de cr\u00e9dito pueden depender de un gasto de manejo de 3-4% Tratamiento Dental en Juarez Mexico.<\/p>\n\n\n\n<h3 class=\"wp-block-heading\">\u00bfMi seguro dental estadounidense o canadiense es aceptado por un dentista en Ju\u00e1rez, M\u00e9xico?<\/h3>\n\n\n\n<p>En efecto, si su proveedor de protecci\u00f3n permite la atenci\u00f3n \"fuera de la red\". Usted tendr\u00e1 que comprobar antes de viajar, y para obtener las estructuras adecuadas y la documentaci\u00f3n para llevar con usted, como su especialista dental en Ju\u00e1rez debe terminar con ellos. Si su agencia de seguros permite la atenci\u00f3n fuera de la organizaci\u00f3n, usted pagar\u00e1 inicialmente a su especialista dental y luego, en ese momento, registrar\u00e1 un caso con su plan de respaldo cuando regrese.<\/p>\n\n\n\n<h3 class=\"wp-block-heading\">\u00bfCu\u00e1ndo es el mejor momento para visitar a un dentista en Ju\u00e1rez M\u00e9xico?<\/h3>\n\n\n\n<p>Dentista en Ju\u00e1rez M\u00e9xico est\u00e1n abiertos durante todo el a\u00f1o, por lo que siempre es un momento de diversi\u00f3n.  Aunque Ju\u00e1rez es una ciudad des\u00e9rtica, su elevada altitud hace que las temperaturas sean m\u00e1s frescas que en otras comunidades urbanas des\u00e9rticas de M\u00e9xico. Los veranos son c\u00e1lidos con una m\u00e1xima normal de 35\u00b0C (95\u00b0F) y los inviernos fr\u00edos, a pesar de que las nevadas son poco comunes. La primavera y el oto\u00f1o son frescos.<\/p>\n\n\n\n<h3 class=\"wp-block-heading\">\u00bfEs Juarez accesible en silla de ruedas cuando se somete a un tratamiento dental en Juarez Mexico?<\/h3>\n\n\n\n<p>Al igual que en otros lugares de Tratamiento dental en Ju\u00e1rez M\u00e9xico, Ju\u00e1rez no est\u00e1 especialmente adaptado para sillas de ruedas. Pero puede ponerse en contacto con los proveedores para obtener m\u00e1s informaci\u00f3n acerca de <strong><u><a href=\"https:\/\/mexicoborderdentist.com\/es\/principales-ciudades-para-el-turismo-dental-mexico\/\">Turismo dental en M\u00e9xico Destino<\/a><\/u><\/strong>.<\/p>\n\n\n\n<h2 class=\"wp-block-heading\"><span class=\"ez-toc-section\" id=\"how-to-reach-juarez-mexico-for-dental-treatments\"><\/span>\u00bfC\u00f3mo llegar a Ju\u00e1rez M\u00e9xico para tratamientos dentales?<span class=\"ez-toc-section-end\"><\/span><\/h2>\n\n\n\n<p>La terminal a\u00e9rea mundial m\u00e1s cercana est\u00e1 en Estados Unidos. El Paso International, en Texas, est\u00e1 a s\u00f3lo 13 km de Ju\u00e1rez. Ocasiones normales de vuelo:<\/p>\n\n\n\n<ul class=\"wp-block-list\">\n<li>Atlanta: 3,25 horas<\/li>\n\n\n\n<li>Dallas: 1,75 horas<\/li>\n\n\n\n<li>Houston: 2 horas<\/li>\n\n\n\n<li>Los \u00c1ngeles: 2 horas<\/li>\n\n\n\n<li>Montreal: 7 horas<\/li>\n\n\n\n<li>Nueva Orleans: 4,25 horas<\/li>\n\n\n\n<li>Toronto: 6,5 horas<\/li>\n\n\n\n<li>Vancouver: 5,5 horas<\/li>\n<\/ul>\n\n\n\n<h2 class=\"wp-block-heading\"><span class=\"ez-toc-section\" id=\"videos-about-dental-tourism-in-mexico\"><\/span>Videos sobre Turismo Dental en M\u00e9xico<span class=\"ez-toc-section-end\"><\/span><\/h2>\n\n\n\n<p>A continuaci\u00f3n encontrar\u00e1 m\u00e1s informaci\u00f3n sobre <strong><u><a href=\"https:\/\/mexicoborderdentist.com\/videos\/\">Tratamientos odontol\u00f3gicos por v\u00eddeo<\/a><\/u><\/strong> en Ju\u00e1rez, M\u00e9xico:<\/p>\n\n\n\n<p><iframe title=\"Reproductor de v\u00eddeo YouTube\" src=\"https:\/\/www.youtube.com\/embed\/XnInpfGQDoU\" width=\"100%\" height=\"658\" frameborder=\"0\" allowfullscreen=\"allowfullscreen\"><span data-mce-type=\"bookmark\" style=\"display: inline-block; width: 0px; overflow: hidden; line-height: 0;\" class=\"mce_SELRES_start\"><\/span><\/iframe><\/p>\n\n\n\n<h2 class=\"wp-block-heading\"><span class=\"ez-toc-section\" id=\"start-your-journey-for-dental-treatments-in-juarez-mexico-today\"><\/span>\u00a1Comience su viaje para tratamientos dentales en Juarez Mexico hoy!<span class=\"ez-toc-section-end\"><\/span><\/h2>\n\n\n\n<p>Es hora de que elija Dentista en Ju\u00e1rez M\u00e9xico y se someta a Tratamiento Dental en Ju\u00e1rez M\u00e9xico y obtenga una oferta de precio especial \u00a1ahora mismo! Consulta f\u00e1cilmente y obt\u00e9n m\u00e1s informaci\u00f3n presionando el bot\u00f3n de abajo:<\/p>\n\n\n\n<figure class=\"wp-block-image aligncenter\"><a href=\"https:\/\/www.placidway.com\/contact\/contact-us.php\" target=\"_blank\" rel=\"noopener\"><img decoding=\"async\" width=\"400\" height=\"100\" src=\"https:\/\/mexicoborderdentist.com\/wp-content\/uploads\/contactus2-6.png\" alt=\"Tratamiento Dental en Juarez Mexico\" class=\"wp-image-39277\" title=\"\" srcset=\"https:\/\/mexicoborderdentist.com\/wp-content\/uploads\/contactus2-6.png 400w, https:\/\/mexicoborderdentist.com\/wp-content\/uploads\/contactus2-6-300x75.png 300w, https:\/\/mexicoborderdentist.com\/wp-content\/uploads\/contactus2-6-150x38.png 150w\" sizes=\"(max-width: 400px) 100vw, 400px\" \/><\/a><\/figure>\n\n\n\n<p class=\"has-text-align-center\"><\/p>","protected":false},"excerpt":{"rendered":"<p>Dentist in Juarez Mexico | Dentistry Tourism Guide Dental Treatment in Juarez Mexico is a good idea. Dentist in Juarez [&hellip;]<\/p>\n","protected":false},"author":14,"featured_media":39278,"parent":0,"menu_order":0,"comment_status":"closed","ping_status":"closed","template":"","meta":{"_acf_changed":false,"site-sidebar-layout":"default","site-content-layout":"","ast-site-content-layout":"default","site-content-style":"default","site-sidebar-style":"default","ast-global-header-display":"","ast-banner-title-visibility":"","ast-main-header-display":"","ast-hfb-above-header-display":"","ast-hfb-below-header-display":"","ast-hfb-mobile-header-display":"","site-post-title":"","ast-breadcrumbs-content":"","ast-featured-img":"","footer-sml-layout":"","ast-disable-related-posts":"","theme-transparent-header-meta":"","adv-header-id-meta":"","stick-header-meta":"","header-above-stick-meta":"","header-main-stick-meta":"","header-below-stick-meta":"","astra-migrate-meta-layouts":"default","ast-page-background-enabled":"default","ast-page-background-meta":{"desktop":{"background-color":"var(--ast-global-color-5)","background-image":"","background-repeat":"repeat","background-position":"center center","background-size":"auto","background-attachment":"scroll","background-type":"","background-media":"","overlay-type":"","overlay-color":"","overlay-opacity":"","overlay-gradient":""},"tablet":{"background-color":"","background-image":"","background-repeat":"repeat","background-position":"center center","background-size":"auto","background-attachment":"scroll","background-type":"","background-media":"","overlay-type":"","overlay-color":"","overlay-opacity":"","overlay-gradient":""},"mobile":{"background-color":"","background-image":"","background-repeat":"repeat","background-position":"center center","background-size":"auto","background-attachment":"scroll","background-type":"","background-media":"","overlay-type":"","overlay-color":"","overlay-opacity":"","overlay-gradient":""}},"ast-content-background-meta":{"desktop":{"background-color":"var(--ast-global-color-4)","background-image":"","background-repeat":"repeat","background-position":"center center","background-size":"auto","background-attachment":"scroll","background-type":"","background-media":"","overlay-type":"","overlay-color":"","overlay-opacity":"","overlay-gradient":""},"tablet":{"background-color":"var(--ast-global-color-4)","background-image":"","background-repeat":"repeat","background-position":"center center","background-size":"auto","background-attachment":"scroll","background-type":"","background-media":"","overlay-type":"","overlay-color":"","overlay-opacity":"","overlay-gradient":""},"mobile":{"background-color":"var(--ast-global-color-4)","background-image":"","background-repeat":"repeat","background-position":"center center","background-size":"auto","background-attachment":"scroll","background-type":"","background-media":"","overlay-type":"","overlay-color":"","overlay-opacity":"","overlay-gradient":""}},"footnotes":""},"class_list":["post-39276","page","type-page","status-publish","has-post-thumbnail","hentry"],"acf":[],"_links":{"self":[{"href":"https:\/\/mexicoborderdentist.com\/es\/wp-json\/wp\/v2\/pages\/39276","targetHints":{"allow":["GET"]}}],"collection":[{"href":"https:\/\/mexicoborderdentist.com\/es\/wp-json\/wp\/v2\/pages"}],"about":[{"href":"https:\/\/mexicoborderdentist.com\/es\/wp-json\/wp\/v2\/types\/page"}],"author":[{"embeddable":true,"href":"https:\/\/mexicoborderdentist.com\/es\/wp-json\/wp\/v2\/users\/14"}],"replies":[{"embeddable":true,"href":"https:\/\/mexicoborderdentist.com\/es\/wp-json\/wp\/v2\/comments?post=39276"}],"version-history":[{"count":0,"href":"https:\/\/mexicoborderdentist.com\/es\/wp-json\/wp\/v2\/pages\/39276\/revisions"}],"wp:featuredmedia":[{"embeddable":true,"href":"https:\/\/mexicoborderdentist.com\/es\/wp-json\/wp\/v2\/media\/39278"}],"wp:attachment":[{"href":"https:\/\/mexicoborderdentist.com\/es\/wp-json\/wp\/v2\/media?parent=39276"}],"curies":[{"name":"wp","href":"https:\/\/api.w.org\/{rel}","templated":true}]}}