
{"id":13639,"date":"2025-01-20T13:43:40","date_gmt":"2025-01-20T13:43:40","guid":{"rendered":"https:\/\/mexicoborderde.wpengine.com\/?page_id=13639"},"modified":"2025-01-20T13:43:40","modified_gmt":"2025-01-20T13:43:40","slug":"extraccion-de-la-muela-del-juicio","status":"publish","type":"page","link":"https:\/\/mexicoborderdentist.com\/es\/tratamientos-dentales\/extraccion-de-la-muela-del-juicio\/","title":{"rendered":"Extracci\u00f3n de Muelas del Juicio en M\u00e9xico"},"content":{"rendered":"<figure class=\"aligncenter wp-block-post-featured-image\"><img fetchpriority=\"high\" decoding=\"async\" width=\"900\" height=\"300\" src=\"https:\/\/mexicoborderdentist.com\/wp-content\/uploads\/wisdom-tooth-extraction.png\" class=\"attachment-post-thumbnail size-post-thumbnail wp-post-image\" alt=\"extracci\u00f3n de muelas del juicio\" style=\"object-fit:cover;\" srcset=\"https:\/\/mexicoborderdentist.com\/wp-content\/uploads\/wisdom-tooth-extraction.png 900w, https:\/\/mexicoborderdentist.com\/wp-content\/uploads\/wisdom-tooth-extraction-150x50.png 150w, https:\/\/mexicoborderdentist.com\/wp-content\/uploads\/wisdom-tooth-extraction-300x100.png 300w, https:\/\/mexicoborderdentist.com\/wp-content\/uploads\/wisdom-tooth-extraction-768x256.png 768w\" sizes=\"(max-width: 900px) 100vw, 900px\" title=\"\"><\/figure>\r\n\r\n\r\n<h2 class=\"wp-block-heading\"><span class=\"ez-toc-section\" id=\"get-affordable-wisdom-teeth-removal-in-mexico\"><\/span><strong><span style=\"vertical-align: inherit;\"><span style=\"vertical-align: inherit;\">Extracci\u00f3n de Muelas del Juicio a Bajo Precio en M\u00e9xico<\/span><\/span><\/strong><span class=\"ez-toc-section-end\"><\/span><\/h2>\r\n\r\n\r\n\r\n<p><span style=\"vertical-align: inherit;\"><span style=\"vertical-align: inherit;\">The wisdom teeth are normally the last teeth to erupt. If they are healthy and functional, they can be useful. However, there are certain reasons that make their extraction compulsory. Also, there are several cases when, even if the wisdom teeth are healthy, extraction is still necessary for reasons of <\/span><\/span><strong><a href=\"https:\/\/mexicoborderdentist.com\/es\/tratamientos-dentales\/tratamiento-de-ortodoncia\/\" target=\"_blank\" rel=\"noopener\"><span style=\"vertical-align: inherit;\"><span style=\"vertical-align: inherit;\">ortodoncia<\/span><\/span><\/a><span style=\"vertical-align: inherit;\"><span style=\"vertical-align: inherit;\"> .<\/span><\/span><\/strong><\/p>\r\n\r\n\r\n\r\n<p><span style=\"vertical-align: inherit;\"><span style=\"vertical-align: inherit;\">In some situations, wisdom teeth grow crooked due to the lack of space and only partially erupt through the gum, being completely misaligned. In these cases, they cause a number of inconveniences, such as swelling, pain and abscesses. Pressure on other teeth and the bone tissue may damage the patient&#8217;s teeth permanently, even if the teeth are otherwise healthy. Sometimes, molars which did not fully develop can lead to the formation of cysts and, in unfortunate cases, tumors that could destroy the entire jaw.<\/span><\/span><\/p>\r\n\r\n\r\n\r\n<p><span style=\"vertical-align: inherit;\"><span style=\"vertical-align: inherit;\">Al ser muy dif\u00edciles de limpiar, las muelas del juicio a menudo <\/span><\/span><em><span style=\"vertical-align: inherit;\"><span style=\"vertical-align: inherit;\">desarrollar<\/span><\/span><\/em><span style=\"vertical-align: inherit;\"><span style=\"vertical-align: inherit;\"> cavidades muy profundas y deben ser, por tanto, extra\u00eddas. Estas son algunas de las razones que hacen de su extracci\u00f3n una elecci\u00f3n \u00f3ptima.<\/span><\/span><\/p>\r\n\r\n\r\n\r\n<h2 class=\"wp-block-heading\"><span class=\"ez-toc-section\" id=\"procedure-of-wisdom-teeth-removal-in-mexico\"><\/span><span style=\"vertical-align: inherit;\"><span style=\"vertical-align: inherit;\">Procedimiento de Extracci\u00f3n de Muelas del Juicio en M\u00e9xico<\/span><\/span><span class=\"ez-toc-section-end\"><\/span><\/h2>\r\n\r\n\r\n\r\n<p><span style=\"vertical-align: inherit;\"><span style=\"vertical-align: inherit;\">El procedimiento para la extracci\u00f3n de las muelas del juicio en M\u00e9xico suele seguir un protocolo est\u00e1ndar similar al de otros pa\u00edses. He aqu\u00ed un esquema general del proceso:<\/span><\/span><\/p>\r\n\r\n\r\n\r\n<ul class=\"wp-block-list\">\r\n<li><strong><span style=\"vertical-align: inherit;\"><span style=\"vertical-align: inherit;\">Consulta inicial<\/span><\/span><\/strong><span style=\"vertical-align: inherit;\"><span style=\"vertical-align: inherit;\"> : El primer paso es un examen y una consulta con un profesional dental. Esto puede implicar radiograf\u00edas o im\u00e1genes en 3D para evaluar la posici\u00f3n de las muelas del juicio y determinar si la extracci\u00f3n es necesaria.<\/span><\/span><\/li>\r\n\r\n\r\n\r\n<li><strong><span style=\"vertical-align: inherit;\"><span style=\"vertical-align: inherit;\">Plan de tratamiento<\/span><\/span><\/strong><span style=\"vertical-align: inherit;\"><span style=\"vertical-align: inherit;\"> : Bas\u00e1ndose en el examen, el dentista o cirujano oral elaborar\u00e1 un plan de tratamiento. Discutir\u00e1n la necesidad de la extirpaci\u00f3n, la complejidad del caso, las opciones de anestesia y cualquier riesgo o consideraci\u00f3n.<\/span><\/span><\/li>\r\n\r\n\r\n\r\n<li><strong><span style=\"vertical-align: inherit;\"><span style=\"vertical-align: inherit;\">Anestesia<\/span><\/span><\/strong><span style=\"vertical-align: inherit;\"><span style=\"vertical-align: inherit;\"> : Dependiendo de la complejidad de la extracci\u00f3n y del nivel de comodidad del paciente, pueden utilizarse diversas formas de anestesia. Puede tratarse de anestesia local (adormecimiento de la zona), sedaci\u00f3n (el paciente est\u00e1 despierto pero relajado) o anestesia general (el paciente est\u00e1 dormido).<\/span><\/span><\/li>\r\n\r\n\r\n\r\n<li><strong><span style=\"vertical-align: inherit;\"><span style=\"vertical-align: inherit;\">Procedimiento de extracci\u00f3n<\/span><\/span><\/strong><span style=\"vertical-align: inherit;\"><span style=\"vertical-align: inherit;\"> : El procedimiento consiste en realizar una incisi\u00f3n en la enc\u00eda para exponer el diente y el hueso. Se extrae el hueso que bloquea el acceso a la ra\u00edz del diente. El diente puede dividirse en secciones para facilitar su extracci\u00f3n si est\u00e1 impactado. Una vez extra\u00eddo el diente, se limpia la zona y, si es necesario, se sutura la herida.<\/span><\/span><\/li>\r\n\r\n\r\n\r\n<li><strong><span style=\"vertical-align: inherit;\"><span style=\"vertical-align: inherit;\">Recuperaci\u00f3n y postratamiento<\/span><\/span><\/strong><span style=\"vertical-align: inherit;\"><span style=\"vertical-align: inherit;\"> : Tras la extracci\u00f3n, el paciente recibe instrucciones para la recuperaci\u00f3n, que incluyen reposo, evitar determinados alimentos y c\u00f3mo controlar el dolor o la inflamaci\u00f3n. Se utilizan gasas para controlar la hemorragia y pueden recetarse analg\u00e9sicos o antibi\u00f3ticos.<\/span><\/span><\/li>\r\n\r\n\r\n\r\n<li><strong><span style=\"vertical-align: inherit;\"><span style=\"vertical-align: inherit;\">Seguimiento<\/span><\/span><\/strong><span style=\"vertical-align: inherit;\"><span style=\"vertical-align: inherit;\"> : Se suele programar una cita de seguimiento para controlar la cicatrizaci\u00f3n y retirar los puntos, si no se han disuelto por s\u00ed solos.<\/span><\/span><\/li>\r\n<\/ul>\r\n\r\n\r\n\r\n<h2 class=\"wp-block-heading\"><span class=\"ez-toc-section\" id=\"cost-of-wisdom-teeth-removal-in-mexico\"><\/span><strong><span style=\"vertical-align: inherit;\"><span style=\"vertical-align: inherit;\">Costo de la extracci\u00f3n de las muelas del juicio en M\u00e9xico<\/span><\/span><\/strong><span class=\"ez-toc-section-end\"><\/span><\/h2>\r\n\r\n\r\n\r\n<p><span style=\"vertical-align: inherit;\"><span style=\"vertical-align: inherit;\">The cost of Wisdom teeth removal in Mexico will depend on the location of the tooth, surrounding nerves, and the difficulty of removal. Usually, patients who undergo the procedure of\u00a0 <\/span><\/span><span style=\"text-decoration: underline;\"><strong><a href=\"https:\/\/www.placidway.com\/search-medical-pricings\/Wisdom-Tooth-Extraction+Dentistry\/Mexico\/1\" target=\"_blank\" rel=\"noopener\"><span style=\"text-decoration: underline;\"><span style=\"vertical-align: inherit;\"><span style=\"vertical-align: inherit;\">Extracci\u00f3n de Muelas del Juicio en M\u00e9xico<\/span><\/span><\/span><\/a><\/strong><\/span><span style=\"vertical-align: inherit;\"><span style=\"vertical-align: inherit;\"> pueden gastar una media de <\/span><\/span><strong><span style=\"vertical-align: inherit;\"><span style=\"vertical-align: inherit;\">$100 por diente<\/span><\/span><\/strong><span style=\"vertical-align: inherit;\"><span style=\"vertical-align: inherit;\"> .<\/span><\/span><\/p>\r\n\r\n\r\n\r\n<figure class=\"wp-block-table is-style-stripes\">\r\n<table class=\"has-fixed-layout\">\r\n<thead>\r\n<tr>\r\n<th class=\"has-text-align-left\" data-align=\"left\"><span style=\"vertical-align: inherit;\"><span style=\"vertical-align: inherit;\">Ciudad<\/span><\/span><\/th>\r\n<th class=\"has-text-align-left\" data-align=\"left\"><span style=\"vertical-align: inherit;\"><span style=\"vertical-align: inherit;\">Coste<\/span><\/span><\/th>\r\n<\/tr>\r\n<\/thead>\r\n<tbody>\r\n<tr>\r\n<td class=\"has-text-align-left\" data-align=\"left\"><span style=\"vertical-align: inherit;\"><span style=\"vertical-align: inherit;\">The Cottons<\/span><\/span><\/td>\r\n<td class=\"has-text-align-left\" data-align=\"left\"><span style=\"vertical-align: inherit;\"><span style=\"vertical-align: inherit;\">$150<\/span><\/span><\/td>\r\n<\/tr>\r\n<tr>\r\n<td class=\"has-text-align-left\" data-align=\"left\"><span style=\"vertical-align: inherit;\"><span style=\"vertical-align: inherit;\">Tijuana<\/span><\/span><\/td>\r\n<td class=\"has-text-align-left\" data-align=\"left\"><span style=\"vertical-align: inherit;\"><span style=\"vertical-align: inherit;\">$180<\/span><\/span><\/td>\r\n<\/tr>\r\n<tr>\r\n<td class=\"has-text-align-left\" data-align=\"left\"><span style=\"vertical-align: inherit;\"><span style=\"vertical-align: inherit;\">Playa del Carmen<\/span><\/span><\/td>\r\n<td class=\"has-text-align-left\" data-align=\"left\"><span style=\"vertical-align: inherit;\"><span style=\"vertical-align: inherit;\">$180<\/span><\/span><\/td>\r\n<\/tr>\r\n<tr>\r\n<td class=\"has-text-align-left\" data-align=\"left\"><span style=\"vertical-align: inherit;\"><span style=\"vertical-align: inherit;\">Canc\u00fan<\/span><\/span><\/td>\r\n<td class=\"has-text-align-left\" data-align=\"left\"><span style=\"vertical-align: inherit;\"><span style=\"vertical-align: inherit;\">$230<\/span><\/span><\/td>\r\n<\/tr>\r\n<\/tbody>\r\n<\/table>\r\n<\/figure>\r\n\r\n\r\n\r\n<h2 class=\"wp-block-heading\"><span class=\"ez-toc-section\" id=\"the-best-candidate-for-wisdom-teeth-removal-in-mexico\"><\/span><strong><span style=\"vertical-align: inherit;\"><span style=\"vertical-align: inherit;\">El mejor candidato para extraer las muelas del juicio en M\u00e9xico<\/span><\/span><\/strong><span class=\"ez-toc-section-end\"><\/span><\/h2>\r\n\r\n\r\n\r\n<p><span style=\"vertical-align: inherit;\"><span style=\"vertical-align: inherit;\">Los mejores candidatos para la extracci\u00f3n de las muelas del juicio en M\u00e9xico son las personas que experimentan problemas dentales espec\u00edficos que pueden abordarse eficazmente mediante la extracci\u00f3n de estos dientes. Los escenarios ideales para considerar la extracci\u00f3n de las muelas del juicio incluyen:<\/span><\/span><\/p>\r\n\r\n\r\n\r\n<ul class=\"wp-block-list\">\r\n<li><strong><span style=\"vertical-align: inherit;\"><span style=\"vertical-align: inherit;\">Muelas del juicio impactadas<\/span><\/span><\/strong><span style=\"vertical-align: inherit;\"><span style=\"vertical-align: inherit;\"> : Se trata de un problema frecuente en el que las muelas del juicio no pueden salir con normalidad. Pueden quedar atrapadas en el hueso de la mand\u00edbula o en las enc\u00edas, lo que puede ser doloroso y perjudicial para la salud bucodental.<\/span><\/span><\/li>\r\n\r\n\r\n\r\n<li><strong><span style=\"vertical-align: inherit;\"><span style=\"vertical-align: inherit;\">Dolor y malestar<\/span><\/span><\/strong><span style=\"vertical-align: inherit;\"><span style=\"vertical-align: inherit;\"> : Si la salida de las muelas del juicio est\u00e1 causando dolor, hinchaz\u00f3n o rigidez de la mand\u00edbula, podr\u00eda ser necesaria su extracci\u00f3n.<\/span><\/span><\/li>\r\n\r\n\r\n\r\n<li><strong><span style=\"vertical-align: inherit;\"><span style=\"vertical-align: inherit;\">Hacinamiento<\/span><\/span><\/strong><span style=\"vertical-align: inherit;\"><span style=\"vertical-align: inherit;\"> : Las muelas del juicio pueden causar el api\u00f1amiento de los dientes existentes, dando lugar a problemas de desalineaci\u00f3n.<\/span><\/span><\/li>\r\n\r\n\r\n\r\n<li><strong><span style=\"vertical-align: inherit;\"><span style=\"vertical-align: inherit;\">Enfermedad de las enc\u00edas o caries<\/span><\/span><\/strong><span style=\"vertical-align: inherit;\"><span style=\"vertical-align: inherit;\"> : Difficulties in cleaning teeth properly can lead to gum disease or cavities due to their hard-to-reach location.<\/span><\/span><\/li>\r\n\r\n\r\n\r\n<li><strong><span style=\"vertical-align: inherit;\"><span style=\"vertical-align: inherit;\">Infecci\u00f3n o quistes<\/span><\/span><\/strong><span style=\"vertical-align: inherit;\"><span style=\"vertical-align: inherit;\"> : El desarrollo de quistes o infecciones alrededor de una muela del juicio puede da\u00f1ar la mand\u00edbula u otros dientes.<\/span><\/span><\/li>\r\n\r\n\r\n\r\n<li><strong><span style=\"vertical-align: inherit;\"><span style=\"vertical-align: inherit;\">Atenci\u00f3n preventiva<\/span><\/span><\/strong><span style=\"vertical-align: inherit;\"><span style=\"vertical-align: inherit;\"> : En algunos casos, los dentistas recomiendan la extracci\u00f3n para prevenir problemas futuros, especialmente si las radiograf\u00edas sugieren posibles problemas.<\/span><\/span><\/li>\r\n<\/ul>\r\n\r\n\r\n\r\n<h2 class=\"wp-block-heading\"><span class=\"ez-toc-section\" id=\"benefits-of-wisdom-teeth-removal-in-mexico\"><\/span><strong><span style=\"vertical-align: inherit;\"><span style=\"vertical-align: inherit;\">B<\/span><\/span><\/strong><span style=\"vertical-align: inherit;\"><span style=\"vertical-align: inherit;\">Beneficios de la extracci\u00f3n de las muelas del juicio en M\u00e9xico<\/span><\/span><span class=\"ez-toc-section-end\"><\/span><\/h2>\r\n\r\n\r\n\r\n<p><span style=\"vertical-align: inherit;\"><span style=\"vertical-align: inherit;\">Wisdom teeth removal in Mexico offers several benefits, particularly for those considering it as part of dental tourism. The key advantages include:<\/span><\/span><\/p>\r\n\r\n\r\n\r\n<ul class=\"wp-block-list\">\r\n<li><strong><span style=\"vertical-align: inherit;\"><span style=\"vertical-align: inherit;\">Ahorro de costes<\/span><\/span><\/strong><span style=\"vertical-align: inherit;\"><span style=\"vertical-align: inherit;\"> : Una de las principales ventajas es el menor coste de los procedimientos dentales en M\u00e9xico en comparaci\u00f3n con pa\u00edses como Estados Unidos o Canad\u00e1. Esta diferencia de costes se debe a menudo a los menores gastos operativos en M\u00e9xico y puede suponer un ahorro significativo para los pacientes, incluso teniendo en cuenta los gastos de viaje.<\/span><\/span><\/li>\r\n\r\n\r\n\r\n<li><strong><span style=\"vertical-align: inherit;\"><span style=\"vertical-align: inherit;\">Atenci\u00f3n dental de alta calidad<\/span><\/span><\/strong><span style=\"vertical-align: inherit;\"><span style=\"vertical-align: inherit;\"> : Muchos <\/span><\/span><strong><a href=\"https:\/\/mexicoborderdentist.com\/es\/clinicas-dentales\/\" data-type=\"link\" data-id=\"https:\/\/mexicoborderdentist.com\/dental-clinics\/\"><span style=\"vertical-align: inherit;\"><span style=\"vertical-align: inherit;\">cl\u00ednicas dentales en M\u00e9xico<\/span><\/span><\/a><\/strong><span style=\"vertical-align: inherit;\"><span style=\"vertical-align: inherit;\"> provide high-quality services, with dentists who are skilled and often trained internationally. These clinics frequently use the same modern equipment and techniques found in the US or Europe.<\/span><\/span><\/li>\r\n\r\n\r\n\r\n<li><strong><span style=\"vertical-align: inherit;\"><span style=\"vertical-align: inherit;\">Tiempos de espera cortos<\/span><\/span><\/strong><span style=\"vertical-align: inherit;\"><span style=\"vertical-align: inherit;\"> : Los pacientes pueden experimentar tiempos de espera m\u00e1s cortos para citas y procedimientos en M\u00e9xico en comparaci\u00f3n con sus pa\u00edses de origen, lo que es beneficioso para aquellos que necesitan un tratamiento oportuno.<\/span><\/span><\/li>\r\n\r\n\r\n\r\n<li><strong><span style=\"vertical-align: inherit;\"><span style=\"vertical-align: inherit;\">Comodidad para los residentes norteamericanos<\/span><\/span><\/strong><span style=\"vertical-align: inherit;\"><span style=\"vertical-align: inherit;\"> : M\u00e9xico es geogr\u00e1ficamente conveniente para los residentes de Estados Unidos y Canad\u00e1, lo que lo convierte en un destino accesible para la atenci\u00f3n dental.<\/span><\/span><\/li>\r\n\r\n\r\n\r\n<li><strong><span style=\"vertical-align: inherit;\"><span style=\"vertical-align: inherit;\">Oportunidades tur\u00edsticas<\/span><\/span><\/strong><span style=\"vertical-align: inherit;\"><span style=\"vertical-align: inherit;\"> : Combinar la atenci\u00f3n odontol\u00f3gica con la oportunidad de conocer M\u00e9xico como destino tur\u00edstico es una opci\u00f3n atractiva para muchos. El pa\u00eds ofrece diversas actividades culturales, hist\u00f3ricas y recreativas.<\/span><\/span><\/li>\r\n\r\n\r\n\r\n<li><strong><span style=\"vertical-align: inherit;\"><span style=\"vertical-align: inherit;\">Accesibilidad ling\u00fc\u00edstica<\/span><\/span><\/strong><span style=\"vertical-align: inherit;\"><span style=\"vertical-align: inherit;\"> : Muchos profesionales de la odontolog\u00eda en M\u00e9xico, especialmente en cl\u00ednicas que atienden a pacientes internacionales, hablan ingl\u00e9s con fluidez, lo que garantiza una comunicaci\u00f3n eficaz y una f\u00e1cil comprensi\u00f3n de los planes de tratamiento.<\/span><\/span><\/li>\r\n\r\n\r\n\r\n<li><strong><span style=\"vertical-align: inherit;\"><span style=\"vertical-align: inherit;\">Atenci\u00f3n personalizada<\/span><\/span><\/strong><span style=\"vertical-align: inherit;\"><span style=\"vertical-align: inherit;\"> : Las cl\u00ednicas m\u00e1s peque\u00f1as de M\u00e9xico podr\u00edan ofrecer un enfoque m\u00e1s personalizado en comparaci\u00f3n con las consultas m\u00e1s grandes y concurridas de otros pa\u00edses, lo que mejorar\u00eda la experiencia del paciente.<\/span><\/span><\/li>\r\n<\/ul>\r\n\r\n\r\n\r\n<h4 class=\"wp-block-heading\"><strong><span style=\"vertical-align: inherit;\"><span style=\"vertical-align: inherit;\">\u00a1Programa tu cita dental ahora y obt\u00e9n tu extracci\u00f3n de Muelas de Juicio en M\u00e9xico! <\/span><\/span><br \/><span style=\"vertical-align: inherit;\"><span style=\"vertical-align: inherit;\">\u00a1Para obtener m\u00e1s informaci\u00f3n acerca de los servicios dentales en M\u00e9xico, por favor haga clic en el bot\u00f3n de abajo para obtener una cotizaci\u00f3n GRATIS!<\/span><\/span><\/strong><\/h4>\r\n\r\n\r\n\r\n<div class=\"wp-block-buttons is-content-justification-center is-layout-flex wp-container-core-buttons-is-layout-a89b3969 wp-block-buttons-is-layout-flex\">\r\n<div class=\"wp-block-button\"><a class=\"wp-block-button__link wp-element-button\" href=\"https:\/\/www.placidway.com\/request-info\" target=\"_blank\" rel=\"noreferrer noopener\"><span style=\"vertical-align: inherit;\"><span style=\"vertical-align: inherit;\">Obtener presupuesto gratuito<\/span><\/span><\/a><\/div>\r\n<\/div>","protected":false},"excerpt":{"rendered":"<p>Get Affordable Wisdom Teeth Removal in Mexico The wisdom teeth are normally the last teeth to erupt. If they are [&hellip;]<\/p>\n","protected":false},"author":1,"featured_media":13863,"parent":13602,"menu_order":0,"comment_status":"closed","ping_status":"closed","template":"","meta":{"_acf_changed":false,"site-sidebar-layout":"default","site-content-layout":"","ast-site-content-layout":"default","site-content-style":"default","site-sidebar-style":"default","ast-global-header-display":"","ast-banner-title-visibility":"","ast-main-header-display":"","ast-hfb-above-header-display":"","ast-hfb-below-header-display":"","ast-hfb-mobile-header-display":"","site-post-title":"","ast-breadcrumbs-content":"","ast-featured-img":"","footer-sml-layout":"","ast-disable-related-posts":"","theme-transparent-header-meta":"","adv-header-id-meta":"","stick-header-meta":"","header-above-stick-meta":"","header-main-stick-meta":"","header-below-stick-meta":"","astra-migrate-meta-layouts":"default","ast-page-background-enabled":"default","ast-page-background-meta":{"desktop":{"background-color":"var(--ast-global-color-5)","background-image":"","background-repeat":"repeat","background-position":"center center","background-size":"auto","background-attachment":"scroll","background-type":"","background-media":"","overlay-type":"","overlay-color":"","overlay-opacity":"","overlay-gradient":""},"tablet":{"background-color":"","background-image":"","background-repeat":"repeat","background-position":"center center","background-size":"auto","background-attachment":"scroll","background-type":"","background-media":"","overlay-type":"","overlay-color":"","overlay-opacity":"","overlay-gradient":""},"mobile":{"background-color":"","background-image":"","background-repeat":"repeat","background-position":"center center","background-size":"auto","background-attachment":"scroll","background-type":"","background-media":"","overlay-type":"","overlay-color":"","overlay-opacity":"","overlay-gradient":""}},"ast-content-background-meta":{"desktop":{"background-color":"var(--ast-global-color-4)","background-image":"","background-repeat":"repeat","background-position":"center center","background-size":"auto","background-attachment":"scroll","background-type":"","background-media":"","overlay-type":"","overlay-color":"","overlay-opacity":"","overlay-gradient":""},"tablet":{"background-color":"var(--ast-global-color-4)","background-image":"","background-repeat":"repeat","background-position":"center center","background-size":"auto","background-attachment":"scroll","background-type":"","background-media":"","overlay-type":"","overlay-color":"","overlay-opacity":"","overlay-gradient":""},"mobile":{"background-color":"var(--ast-global-color-4)","background-image":"","background-repeat":"repeat","background-position":"center center","background-size":"auto","background-attachment":"scroll","background-type":"","background-media":"","overlay-type":"","overlay-color":"","overlay-opacity":"","overlay-gradient":""}},"footnotes":""},"class_list":["post-13639","page","type-page","status-publish","has-post-thumbnail","hentry"],"acf":[],"_links":{"self":[{"href":"https:\/\/mexicoborderdentist.com\/es\/wp-json\/wp\/v2\/pages\/13639","targetHints":{"allow":["GET"]}}],"collection":[{"href":"https:\/\/mexicoborderdentist.com\/es\/wp-json\/wp\/v2\/pages"}],"about":[{"href":"https:\/\/mexicoborderdentist.com\/es\/wp-json\/wp\/v2\/types\/page"}],"author":[{"embeddable":true,"href":"https:\/\/mexicoborderdentist.com\/es\/wp-json\/wp\/v2\/users\/1"}],"replies":[{"embeddable":true,"href":"https:\/\/mexicoborderdentist.com\/es\/wp-json\/wp\/v2\/comments?post=13639"}],"version-history":[{"count":0,"href":"https:\/\/mexicoborderdentist.com\/es\/wp-json\/wp\/v2\/pages\/13639\/revisions"}],"up":[{"embeddable":true,"href":"https:\/\/mexicoborderdentist.com\/es\/wp-json\/wp\/v2\/pages\/13602"}],"wp:featuredmedia":[{"embeddable":true,"href":"https:\/\/mexicoborderdentist.com\/es\/wp-json\/wp\/v2\/media\/13863"}],"wp:attachment":[{"href":"https:\/\/mexicoborderdentist.com\/es\/wp-json\/wp\/v2\/media?parent=13639"}],"curies":[{"name":"wp","href":"https:\/\/api.w.org\/{rel}","templated":true}]}}