
{"id":13637,"date":"2025-01-20T13:43:20","date_gmt":"2025-01-20T13:43:20","guid":{"rendered":"https:\/\/mexicoborderde.wpengine.com\/?page_id=13637"},"modified":"2025-01-20T13:43:20","modified_gmt":"2025-01-20T13:43:20","slug":"tratamiento-de-conducto","status":"publish","type":"page","link":"https:\/\/mexicoborderdentist.com\/es\/tratamientos-dentales\/tratamiento-de-conducto\/","title":{"rendered":"Mejor tratamiento de conducto en M\u00e9xico"},"content":{"rendered":"<figure class=\"aligncenter wp-block-post-featured-image\"><img fetchpriority=\"high\" decoding=\"async\" width=\"900\" height=\"300\" src=\"https:\/\/mexicoborderdentist.com\/wp-content\/uploads\/root-canal.png\" class=\"attachment-post-thumbnail size-post-thumbnail wp-post-image\" alt=\"endodoncia en nuevo progreso\" style=\"object-fit:cover;\" srcset=\"https:\/\/mexicoborderdentist.com\/wp-content\/uploads\/root-canal.png 900w, https:\/\/mexicoborderdentist.com\/wp-content\/uploads\/root-canal-150x50.png 150w, https:\/\/mexicoborderdentist.com\/wp-content\/uploads\/root-canal-300x100.png 300w, https:\/\/mexicoborderdentist.com\/wp-content\/uploads\/root-canal-768x256.png 768w\" sizes=\"(max-width: 900px) 100vw, 900px\" title=\"\"><\/figure>\r\n\r\n\r\n<h2 class=\"wp-block-heading\"><span class=\"ez-toc-section\" id=\"root-canal-in-mexico-%e2%80%93-everything-you-need-to-know\"><\/span>Endodoncia en M\u00e9xico - Todo lo que necesita saber<span class=\"ez-toc-section-end\"><\/span><\/h2>\r\n\r\n\r\n\r\n<p>Si est\u00e1 pensando en someterse a una endodoncia en M\u00e9xico, ha llegado al lugar adecuado. En este art\u00edculo, vamos a discutir todo lo que necesita saber sobre el costo y el procedimiento de un tratamiento de conducto en M\u00e9xico.<\/p>\r\n\r\n\r\n\r\n<p>Tambi\u00e9n le proporcionaremos consejos \u00fatiles sobre c\u00f3mo hacer que su experiencia sea lo m\u00e1s suave posible. As\u00ed que, tanto si siente curiosidad por las endodoncias como si est\u00e1 listo para someterse a una, \u00a1siga leyendo para obtener m\u00e1s informaci\u00f3n!<\/p>\r\n\r\n\r\n\r\n<h2 class=\"wp-block-heading\"><span class=\"ez-toc-section\" id=\"how-much-does-a-root-canal-cost-in-mexico\"><\/span>\u00bfCu\u00e1nto cuesta una endodoncia en M\u00e9xico?<span class=\"ez-toc-section-end\"><\/span><\/h2>\r\n\r\n\r\n\r\n<p>El costo de un tratamiento de conducto en M\u00e9xico puede variar dependiendo de varios factores diferentes, incluyendo el pa\u00eds en el que usted est\u00e1 buscando tratamiento. En general, las endodoncias cuestan m\u00e1s en pa\u00edses desarrollados como Estados Unidos y Canad\u00e1 que en pa\u00edses menos desarrollados como M\u00e9xico.<\/p>\r\n\r\n\r\n\r\n<p>Esto se debe a que en lugares como M\u00e9xico el coste de la vida y de la mano de obra suele ser m\u00e1s bajo, lo que permite a las cl\u00ednicas dentales ofrecer precios m\u00e1s asequibles para procedimientos b\u00e1sicos como las endodoncias. Para darte una mejor idea de cu\u00e1nto puede costar una endodoncia en M\u00e9xico, hemos recopilado algunos datos relevantes de diversas fuentes en l\u00ednea.<\/p>\r\n\r\n\r\n\r\n<p>Seg\u00fan este informe de EE.UU., el coste medio de una endodoncia oscila entre 1.000 y 1.000 euros. <strong>$650 a $1100<\/strong> para los consultorios est\u00e1ndar ubicados en zonas tradicionales de M\u00e9xico. Del mismo modo, una encuesta realizada por Dental Products Report encontr\u00f3 que el costo promedio de un tratamiento de conducto en una cl\u00ednica popular en Guadalajara fue de aproximadamente <strong>$571 USD<\/strong>.<\/p>\r\n\r\n\r\n\r\n<p>As\u00ed que, en general, si est\u00e1 buscando una opci\u00f3n asequible para su tratamiento de conducto, M\u00e9xico puede ser un buen lugar para comenzar su b\u00fasqueda.<\/p>\r\n\r\n\r\n\r\n<h2 class=\"wp-block-heading\"><span class=\"ez-toc-section\" id=\"what-is-a-root-canal-and-what-are-the-symptoms-of-needing-one\"><\/span>\u00bfQu\u00e9 es una endodoncia y cu\u00e1les son los s\u00edntomas de necesitarla?<span class=\"ez-toc-section-end\"><\/span><\/h2>\r\n\r\n\r\n\r\n<p>Una endodoncia es un tratamiento para reparar y salvar un diente muy cariado o infectado. El procedimiento consiste en extraer la zona da\u00f1ada del diente, limpiarla y luego empastarla. Las endodoncias suelen ser realizadas por dentistas, pero en algunos casos puede ser necesario recurrir a un endodoncista (especialista en endodoncias).<\/p>\r\n\r\n\r\n\r\n<p>Hay varios s\u00edntomas que pueden indicar que necesita una endodoncia, entre ellos <strong>dolor de muelas intenso<\/strong>, <strong>inflamaci\u00f3n de las enc\u00edas<\/strong>y <strong>sensibilidad a las temperaturas fr\u00edas o calientes<\/strong>.<\/p>\r\n\r\n\r\n\r\n<p>Si usted experimenta cualquiera de estos s\u00edntomas, es importante consultar a un dentista tan pronto como sea posible para determinar si necesita o no un tratamiento de conducto. Las endodoncias en M\u00e9xico suelen ser muy asequibles, as\u00ed que si crees que puedes necesitar una, no tardes en tratarte.<\/p>\r\n\r\n\r\n\r\n<h3 class=\"wp-block-heading\">\u00bfC\u00f3mo es la calidad de la atenci\u00f3n en los dentistas mexicanos frente a los estadounidenses o canadienses?<\/h3>\r\n\r\n\r\n\r\n<p>Al comparar la calidad de la atenci\u00f3n de los dentistas mexicanos con la de los estadounidenses o canadienses, es importante tener en cuenta una serie de factores. Tal vez una de las diferencias m\u00e1s notables es el costo - debido a los bajos costos laborales y menos requisitos reglamentarios, los servicios dentales en M\u00e9xico tienden a ser significativamente m\u00e1s asequibles que en muchos otros pa\u00edses.<\/p>\r\n\r\n\r\n\r\n<p>Adem\u00e1s, en M\u00e9xico las endodoncias suelen realizarse con gran destreza y muchos pacientes afirman estar muy satisfechos con los tratamientos que reciben all\u00ed. Sin embargo, debe tenerse en cuenta que los niveles de atenci\u00f3n pueden variar de un consultorio a otro y que los pacientes pueden querer hacer algunas investigaciones antes de elegir un profesional dental en M\u00e9xico.<\/p>\r\n\r\n\r\n\r\n<h2 class=\"wp-block-heading\"><span class=\"ez-toc-section\" id=\"top-clinics-for-root-canal-in-mexico\"><\/span>Las mejores cl\u00ednicas para endodoncia en M\u00e9xico<span class=\"ez-toc-section-end\"><\/span><\/h2>\r\n\r\n\r\n\r\n<div class=\"wp-block-columns is-layout-flex wp-container-core-columns-is-layout-28f84493 wp-block-columns-is-layout-flex\">\r\n<div class=\"wp-block-column clinic-card is-layout-flow wp-block-column-is-layout-flow\">\r\n<figure class=\"wp-block-image\"><a href=\"https:\/\/mexicoborderdentist.com\/es\/clinica\/all-on-x-estudio-dental-la-mejor-clinica-en-los-algodones\/\"><img decoding=\"async\" width=\"372\" height=\"240\" class=\"wp-image-37716\" title=\"todo sobre\" src=\"https:\/\/mexicoborderdentist.com\/wp-content\/uploads\/all-on-x.webp\" alt=\"all on x Estudio Dental en Los Algodones Mexico\" srcset=\"https:\/\/mexicoborderdentist.com\/wp-content\/uploads\/all-on-x.webp 372w, https:\/\/mexicoborderdentist.com\/wp-content\/uploads\/all-on-x-300x194.webp 300w, https:\/\/mexicoborderdentist.com\/wp-content\/uploads\/all-on-x-150x97.webp 150w, https:\/\/mexicoborderdentist.com\/wp-content\/uploads\/all-on-x-200x129.webp 200w\" sizes=\"(max-width: 372px) 100vw, 372px\" \/><\/a>\r\n<figcaption class=\"wp-element-caption\">all on x Estudio Dental en Los Algodones Mexico<\/figcaption>\r\n<\/figure>\r\n<\/div>\r\n\r\n\r\n\r\n<div class=\"wp-block-column clinic-card is-layout-flow wp-block-column-is-layout-flow\">\r\n<figure class=\"wp-block-image\"><a href=\"https:\/\/mexicoborderdentist.com\/clinic\/easy-dental-los-algodones-mexico\/\"><img decoding=\"async\" width=\"372\" height=\"240\" class=\"wp-image-37566\" title=\"dental 2\" src=\"https:\/\/mexicoborderdentist.com\/wp-content\/uploads\/dental-2.png\" alt=\"Clinica Dental Easy Los Algodones Mexico\" srcset=\"https:\/\/mexicoborderdentist.com\/wp-content\/uploads\/dental-2.png 372w, https:\/\/mexicoborderdentist.com\/wp-content\/uploads\/dental-2-300x194.png 300w, https:\/\/mexicoborderdentist.com\/wp-content\/uploads\/dental-2-150x97.png 150w, https:\/\/mexicoborderdentist.com\/wp-content\/uploads\/dental-2-200x129.png 200w\" sizes=\"(max-width: 372px) 100vw, 372px\" \/><\/a>\r\n<figcaption class=\"wp-element-caption\">Clinica Dental Easy Los Algodones Mexico<\/figcaption>\r\n<\/figure>\r\n<\/div>\r\n\r\n\r\n\r\n<div class=\"wp-block-column clinic-card is-layout-flow wp-block-column-is-layout-flow\">\r\n<figure class=\"wp-block-image\"><a href=\"https:\/\/mexicoborderdentist.com\/clinic\/rancherito-dental-los-algodones-mexico\/\"><img loading=\"lazy\" decoding=\"async\" width=\"372\" height=\"240\" class=\"wp-image-37725\" title=\"Rancherito Dental\" src=\"https:\/\/mexicoborderdentist.com\/wp-content\/uploads\/Rancherito-Dental.webp\" alt=\"Cl\u00ednica Dental Rancherito en Los Algodones M\u00e9xico\" srcset=\"https:\/\/mexicoborderdentist.com\/wp-content\/uploads\/Rancherito-Dental.webp 372w, https:\/\/mexicoborderdentist.com\/wp-content\/uploads\/Rancherito-Dental-300x194.webp 300w, https:\/\/mexicoborderdentist.com\/wp-content\/uploads\/Rancherito-Dental-150x97.webp 150w, https:\/\/mexicoborderdentist.com\/wp-content\/uploads\/Rancherito-Dental-200x129.webp 200w\" sizes=\"(max-width: 372px) 100vw, 372px\" \/><\/a>\r\n<figcaption class=\"wp-element-caption\">Cl\u00ednica Dental Rancherito en Los Algodones M\u00e9xico<\/figcaption>\r\n<\/figure>\r\n<\/div>\r\n<\/div>\r\n\r\n\r\n\r\n<div class=\"wp-block-columns is-layout-flex wp-container-core-columns-is-layout-28f84493 wp-block-columns-is-layout-flex\">\r\n<div class=\"wp-block-column clinic-card is-layout-flow wp-block-column-is-layout-flow\">\r\n<figure class=\"wp-block-image\"><a href=\"https:\/\/mexicoborderdentist.com\/es\/clinica\/sani-dental-group-mejor-clinica-en-cancun-riviera\/\"><img loading=\"lazy\" decoding=\"async\" width=\"372\" height=\"240\" class=\"wp-image-37726\" title=\"sani 1\" src=\"https:\/\/mexicoborderdentist.com\/wp-content\/uploads\/sani-1.webp\" alt=\"Grupo Dental Sani en Cancun Mexico\" srcset=\"https:\/\/mexicoborderdentist.com\/wp-content\/uploads\/sani-1.webp 372w, https:\/\/mexicoborderdentist.com\/wp-content\/uploads\/sani-1-300x194.webp 300w, https:\/\/mexicoborderdentist.com\/wp-content\/uploads\/sani-1-150x97.webp 150w, https:\/\/mexicoborderdentist.com\/wp-content\/uploads\/sani-1-200x129.webp 200w\" sizes=\"(max-width: 372px) 100vw, 372px\" \/><\/a>\r\n<figcaption class=\"wp-element-caption\">Grupo Dental Sani en Cancun Mexico<\/figcaption>\r\n<\/figure>\r\n<\/div>\r\n\r\n\r\n\r\n<div class=\"wp-block-column clinic-card is-layout-flow wp-block-column-is-layout-flow\">\r\n<figure class=\"wp-block-image\"><a href=\"https:\/\/mexicoborderdentist.com\/clinic\/american-biodental-center-in-tijuana-mexico\/\"><img loading=\"lazy\" decoding=\"async\" width=\"372\" height=\"240\" class=\"wp-image-40579\" title=\"Centro Biodental Americano\" src=\"https:\/\/mexicoborderdentist.com\/wp-content\/uploads\/American-Biodental-Center.jpg\" alt=\"Centro Biodental Americano en TIjuana M\u00e9xico\" srcset=\"https:\/\/mexicoborderdentist.com\/wp-content\/uploads\/American-Biodental-Center.jpg 372w, https:\/\/mexicoborderdentist.com\/wp-content\/uploads\/American-Biodental-Center-300x194.jpg 300w, https:\/\/mexicoborderdentist.com\/wp-content\/uploads\/American-Biodental-Center-150x97.jpg 150w\" sizes=\"(max-width: 372px) 100vw, 372px\" \/><\/a>\r\n<figcaption class=\"wp-element-caption\">Centro Biodental Americano en TIjuana M\u00e9xico<\/figcaption>\r\n<\/figure>\r\n<\/div>\r\n\r\n\r\n\r\n<div class=\"wp-block-column clinic-card is-layout-flow wp-block-column-is-layout-flow\">\r\n<figure class=\"wp-block-image\"><a href=\"https:\/\/mexicoborderdentist.com\/es\/clinica\/implantes-dentales-tijuana-por-calidad-cuidado-dental-suave\/\"><img loading=\"lazy\" decoding=\"async\" width=\"372\" height=\"240\" class=\"wp-image-37764\" title=\"Top Implantes Dentales Tijuana por Quality Gentle Dental Care Banner MBD 1\" src=\"https:\/\/mexicoborderdentist.com\/wp-content\/uploads\/Top-Dental-Implants-Tijuana-by-Quality-Gentle-Dental-Care-Banner-MBD-1.png\" alt=\"Cuidado Dental Suave de Calidad en Tijuana Mexico\" srcset=\"https:\/\/mexicoborderdentist.com\/wp-content\/uploads\/Top-Dental-Implants-Tijuana-by-Quality-Gentle-Dental-Care-Banner-MBD-1.png 372w, https:\/\/mexicoborderdentist.com\/wp-content\/uploads\/Top-Dental-Implants-Tijuana-by-Quality-Gentle-Dental-Care-Banner-MBD-1-300x194.png 300w, https:\/\/mexicoborderdentist.com\/wp-content\/uploads\/Top-Dental-Implants-Tijuana-by-Quality-Gentle-Dental-Care-Banner-MBD-1-150x97.png 150w, https:\/\/mexicoborderdentist.com\/wp-content\/uploads\/Top-Dental-Implants-Tijuana-by-Quality-Gentle-Dental-Care-Banner-MBD-1-200x129.png 200w\" sizes=\"(max-width: 372px) 100vw, 372px\" \/><\/a>\r\n<figcaption class=\"wp-element-caption\">Cuidado Dental Suave de Calidad en Tijuana Mexico<\/figcaption>\r\n<\/figure>\r\n<\/div>\r\n<\/div>\r\n\r\n\r\n\r\n<h3 class=\"wp-block-heading\">\u00bfCu\u00e1les son algunos consejos para que la endodoncia en M\u00e9xico sea m\u00e1s f\u00e1cil y c\u00f3moda?<\/h3>\r\n\r\n\r\n\r\n<p>En <a href=\"https:\/\/mexicoborderdentist.com\/es\/principales-ciudades-para-el-turismo-dental-mexico\/\" target=\"_blank\" rel=\"noopener\"><strong>viajar a M\u00e9xico para recibir atenci\u00f3n odontol\u00f3gica<\/strong><\/a> puede parecer desalentadora al principio, en realidad es una opci\u00f3n segura y asequible para muchas personas.<\/p>\r\n\r\n\r\n\r\n<p>Una de las principales razones por las que la gente opta por someterse a un tratamiento de conductos u otros procedimientos dentales en M\u00e9xico es el menor coste en comparaci\u00f3n con pa\u00edses como Estados Unidos o Canad\u00e1. Pero m\u00e1s all\u00e1 de ahorrar dinero, tambi\u00e9n puede esperar una atenci\u00f3n de alta calidad por parte de profesionales dentales experimentados que dan prioridad a la seguridad y comodidad del paciente.<\/p>\r\n\r\n\r\n\r\n<p>Para que su viaje sea lo m\u00e1s tranquilo y c\u00f3modo posible, hay algunos consejos que debe tener en cuenta.<\/p>\r\n\r\n\r\n\r\n<p>En primer lugar, es importante investigar con antelaci\u00f3n y encontrar una cl\u00ednica de confianza con un buen historial. Tambi\u00e9n deber\u00edas tomarte tu tiempo para revisar algunos de sus testimonios de pacientes anteriores y preguntarles por su experiencia trabajando con pacientes internacionales.<\/p>\r\n\r\n\r\n\r\n<p>Adem\u00e1s, aseg\u00farese de tener fondos suficientes a mano para cualquier gasto inesperado o complicaci\u00f3n imprevista.<\/p>\r\n\r\n\r\n\r\n<p>En general, salir de su pa\u00eds de origen para recibir atenci\u00f3n odontol\u00f3gica no debe ser algo que le d\u00e9 miedo: con una planificaci\u00f3n cuidadosa y referencias fiables de fuentes de confianza, conseguir el tratamiento de conductos que necesita puede ser f\u00e1cil e indoloro.<\/p>\r\n\r\n\r\n\r\n<h2 class=\"wp-block-heading\"><span class=\"ez-toc-section\" id=\"faqs-about-root-canal-in-mexico\"><\/span>Preguntas frecuentes sobre la endodoncia en M\u00e9xico<span class=\"ez-toc-section-end\"><\/span><\/h2>\r\n\r\n\r\n\r\n<h3 class=\"wp-block-heading\">\u00bfC\u00f3mo s\u00e9 si necesito una endodoncia?<\/h3>\r\n\r\n\r\n\r\n<p>Si le duele un diente o es sensible a las temperaturas fr\u00edas o calientes, puede ser un indicio de que necesita una endodoncia. Sin embargo, la \u00fanica forma de saberlo con seguridad es acudir a un dentista para que te examine.<\/p>\r\n\r\n\r\n\r\n<h3 class=\"wp-block-heading\">\u00bfCu\u00e1les son los riesgos de hacerse una endodoncia en M\u00e9xico?<\/h3>\r\n\r\n\r\n\r\n<p>Siempre hay riesgos asociados a cualquier procedimiento dental. Sin embargo, las endodoncias suelen ser seguras y las complicaciones son poco frecuentes. Aseg\u00farese de investigar y elegir una cl\u00ednica de confianza con experiencia en endodoncias.<\/p>\r\n\r\n\r\n\r\n<h3 class=\"wp-block-heading\">\u00bfEs seguro viajar a M\u00e9xico para una endodoncia en M\u00e9xico?<\/h3>\r\n\r\n\r\n\r\n<p>S\u00ed, es seguro viajar para realizarse un tratamiento de conducto en M\u00e9xico. Aseg\u00farese de hacer su investigaci\u00f3n y elegir una cl\u00ednica de renombre con experiencia en el tratamiento de pacientes internacionales.<\/p>\r\n\r\n\r\n\r\n<h3 class=\"wp-block-heading\">\u00bfCu\u00e1nto dura una endodoncia?<\/h3>\r\n\r\n\r\n\r\n<p>El tiempo necesario para una endodoncia var\u00eda en funci\u00f3n de la gravedad de la infecci\u00f3n. En la mayor\u00eda de los casos, el procedimiento puede completarse en una o dos visitas. Sin embargo, si la infecci\u00f3n es m\u00e1s grave, el tratamiento puede llevar m\u00e1s tiempo.<\/p>\r\n\r\n\r\n\r\n<h3 class=\"wp-block-heading\">\u00bfQu\u00e9 debo esperar despu\u00e9s de una endodoncia en M\u00e9xico?<\/h3>\r\n\r\n\r\n\r\n<p>Despu\u00e9s de una endodoncia, el diente mejorar\u00e1 y ser\u00e1 menos sensible. Sin embargo, es importante mantener la higiene bucal y acudir al dentista para revisiones peri\u00f3dicas a fin de garantizar que la infecci\u00f3n no reaparezca. Adem\u00e1s, puede ser necesario colocar una corona en el diente para protegerlo de da\u00f1os mayores.<\/p>\r\n\r\n\r\n\r\n<h3 class=\"wp-block-heading\">\u00bfCu\u00e1les son los tratamientos alternativos a la endodoncia?<\/h3>\r\n\r\n\r\n\r\n<p>Si no puede someterse a una endodoncia o si la infecci\u00f3n es demasiado grave, puede ser necesario extraer el diente. Sin embargo, esto debe considerarse el \u00faltimo recurso, ya que es permanente y no puede deshacerse. Si tiene un diente infectado, es importante que acuda al dentista lo antes posible para que le explique las opciones de tratamiento.<\/p>\r\n\r\n\r\n\r\n<h3 class=\"wp-block-heading\">A\u00fan no estoy seguro de hacerme un tratamiento de conducto en M\u00e9xico. \u00bfQu\u00e9 debo hacer?<\/h3>\r\n\r\n\r\n\r\n<p>Si todav\u00eda no est\u00e1s seguro de si quieres hacerte una endodoncia en M\u00e9xico, lo mejor que puedes hacer es consultar con tu dentista. \u00c9l podr\u00e1 evaluar su situaci\u00f3n individual y recomendarle el mejor tratamiento. Adem\u00e1s, pueden ser capaces de proporcionarle referencias a cl\u00ednicas de renombre en M\u00e9xico.<\/p>\r\n\r\n\r\n\r\n<p class=\"has-text-align-center\">Programe ya su cita con el dentista y consiga su tratamiento de conductos.<br \/>\u00a1Para obtener m\u00e1s informaci\u00f3n acerca de los servicios dentales en M\u00e9xico, por favor haga clic en el bot\u00f3n de abajo para obtener una cotizaci\u00f3n GRATIS!<\/p>\r\n\r\n\r\n\r\n<figure class=\"wp-block-image aligncenter\"><a href=\"https:\/\/www.placidway.com\/contact\/contact-us.php?site=MexicoBorderDentist\" target=\"_blank\" rel=\"noopener\"><img loading=\"lazy\" decoding=\"async\" width=\"300\" height=\"75\" class=\"wp-image-37445 aligncenter\" src=\"https:\/\/mexicoborderdentist.com\/wp-content\/uploads\/1503663087_contact-2-300x75.webp\" alt=\"Contacto\" title=\"\" srcset=\"https:\/\/mexicoborderdentist.com\/wp-content\/uploads\/1503663087_contact-2-300x75.webp 300w, https:\/\/mexicoborderdentist.com\/wp-content\/uploads\/1503663087_contact-2-150x38.webp 150w, https:\/\/mexicoborderdentist.com\/wp-content\/uploads\/1503663087_contact-2-200x50.webp 200w, https:\/\/mexicoborderdentist.com\/wp-content\/uploads\/1503663087_contact-2.webp 400w\" sizes=\"(max-width: 300px) 100vw, 300px\" \/><\/a><\/figure>","protected":false},"excerpt":{"rendered":"<p>Root Canal in Mexico &#8211; Everything You Need to Know If you are considering getting a root canal in Mexico, [&hellip;]<\/p>\n","protected":false},"author":1,"featured_media":13883,"parent":13602,"menu_order":0,"comment_status":"closed","ping_status":"closed","template":"","meta":{"_acf_changed":false,"site-sidebar-layout":"default","site-content-layout":"","ast-site-content-layout":"default","site-content-style":"default","site-sidebar-style":"default","ast-global-header-display":"","ast-banner-title-visibility":"","ast-main-header-display":"","ast-hfb-above-header-display":"","ast-hfb-below-header-display":"","ast-hfb-mobile-header-display":"","site-post-title":"","ast-breadcrumbs-content":"","ast-featured-img":"","footer-sml-layout":"","ast-disable-related-posts":"","theme-transparent-header-meta":"","adv-header-id-meta":"","stick-header-meta":"","header-above-stick-meta":"","header-main-stick-meta":"","header-below-stick-meta":"","astra-migrate-meta-layouts":"default","ast-page-background-enabled":"default","ast-page-background-meta":{"desktop":{"background-color":"var(--ast-global-color-5)","background-image":"","background-repeat":"repeat","background-position":"center center","background-size":"auto","background-attachment":"scroll","background-type":"","background-media":"","overlay-type":"","overlay-color":"","overlay-opacity":"","overlay-gradient":""},"tablet":{"background-color":"","background-image":"","background-repeat":"repeat","background-position":"center center","background-size":"auto","background-attachment":"scroll","background-type":"","background-media":"","overlay-type":"","overlay-color":"","overlay-opacity":"","overlay-gradient":""},"mobile":{"background-color":"","background-image":"","background-repeat":"repeat","background-position":"center center","background-size":"auto","background-attachment":"scroll","background-type":"","background-media":"","overlay-type":"","overlay-color":"","overlay-opacity":"","overlay-gradient":""}},"ast-content-background-meta":{"desktop":{"background-color":"var(--ast-global-color-4)","background-image":"","background-repeat":"repeat","background-position":"center center","background-size":"auto","background-attachment":"scroll","background-type":"","background-media":"","overlay-type":"","overlay-color":"","overlay-opacity":"","overlay-gradient":""},"tablet":{"background-color":"var(--ast-global-color-4)","background-image":"","background-repeat":"repeat","background-position":"center center","background-size":"auto","background-attachment":"scroll","background-type":"","background-media":"","overlay-type":"","overlay-color":"","overlay-opacity":"","overlay-gradient":""},"mobile":{"background-color":"var(--ast-global-color-4)","background-image":"","background-repeat":"repeat","background-position":"center center","background-size":"auto","background-attachment":"scroll","background-type":"","background-media":"","overlay-type":"","overlay-color":"","overlay-opacity":"","overlay-gradient":""}},"footnotes":""},"class_list":["post-13637","page","type-page","status-publish","has-post-thumbnail","hentry"],"acf":[],"_links":{"self":[{"href":"https:\/\/mexicoborderdentist.com\/es\/wp-json\/wp\/v2\/pages\/13637","targetHints":{"allow":["GET"]}}],"collection":[{"href":"https:\/\/mexicoborderdentist.com\/es\/wp-json\/wp\/v2\/pages"}],"about":[{"href":"https:\/\/mexicoborderdentist.com\/es\/wp-json\/wp\/v2\/types\/page"}],"author":[{"embeddable":true,"href":"https:\/\/mexicoborderdentist.com\/es\/wp-json\/wp\/v2\/users\/1"}],"replies":[{"embeddable":true,"href":"https:\/\/mexicoborderdentist.com\/es\/wp-json\/wp\/v2\/comments?post=13637"}],"version-history":[{"count":0,"href":"https:\/\/mexicoborderdentist.com\/es\/wp-json\/wp\/v2\/pages\/13637\/revisions"}],"up":[{"embeddable":true,"href":"https:\/\/mexicoborderdentist.com\/es\/wp-json\/wp\/v2\/pages\/13602"}],"wp:featuredmedia":[{"embeddable":true,"href":"https:\/\/mexicoborderdentist.com\/es\/wp-json\/wp\/v2\/media\/13883"}],"wp:attachment":[{"href":"https:\/\/mexicoborderdentist.com\/es\/wp-json\/wp\/v2\/media?parent=13637"}],"curies":[{"name":"wp","href":"https:\/\/api.w.org\/{rel}","templated":true}]}}