
{"id":13635,"date":"2025-01-20T13:42:56","date_gmt":"2025-01-20T13:42:56","guid":{"rendered":"https:\/\/mexicoborderde.wpengine.com\/?page_id=13635"},"modified":"2025-01-20T13:42:56","modified_gmt":"2025-01-20T13:42:56","slug":"tratamiento-de-ortodoncia","status":"publish","type":"page","link":"https:\/\/mexicoborderdentist.com\/es\/tratamientos-dentales\/tratamiento-de-ortodoncia\/","title":{"rendered":"Mejor Ortodoncista en M\u00e9xico"},"content":{"rendered":"<figure class=\"aligncenter wp-block-post-featured-image\"><img fetchpriority=\"high\" decoding=\"async\" width=\"900\" height=\"350\" src=\"https:\/\/mexicoborderdentist.com\/wp-content\/uploads\/2024\/01\/Orthodontist-in-Mexico.jpg\" class=\"attachment-post-thumbnail size-post-thumbnail wp-post-image\" alt=\"Ortodoncista en M\u00e9xico\" style=\"object-fit:cover;\" srcset=\"https:\/\/mexicoborderdentist.com\/wp-content\/uploads\/2024\/01\/Orthodontist-in-Mexico.jpg 900w, https:\/\/mexicoborderdentist.com\/wp-content\/uploads\/2024\/01\/Orthodontist-in-Mexico-300x117.jpg 300w, https:\/\/mexicoborderdentist.com\/wp-content\/uploads\/2024\/01\/Orthodontist-in-Mexico-150x58.jpg 150w, https:\/\/mexicoborderdentist.com\/wp-content\/uploads\/2024\/01\/Orthodontist-in-Mexico-768x299.jpg 768w\" sizes=\"(max-width: 900px) 100vw, 900px\" title=\"\"><\/figure>\r\n\r\n\r\n<h2 class=\"wp-block-heading\"><span class=\"ez-toc-section\" id=\"affordable-orthodontist-in-mexico\"><\/span>Ortodoncista asequible en M\u00e9xico<span class=\"ez-toc-section-end\"><\/span><\/h2>\r\n\r\n\r\n\r\n<p>Antiguamente, los procedimientos de ortodoncia parec\u00edan consistir principalmente en aparatos para adolescentes con el fin de corregir los dientes mal alineados o la estructura de la mand\u00edbula. En la actualidad, cada vez son m\u00e1s los adultos que se someten a procedimientos de ortodoncia no solo para solucionar problemas de alineaci\u00f3n y mordida, sino tambi\u00e9n para mejorar la est\u00e9tica de su sonrisa.<\/p>\r\n\r\n\r\n\r\n<p>En algunos casos, someterse a un procedimiento de ortodoncia no s\u00f3lo hace que los dientes tengan un aspecto m\u00e1s agradable, sino que es una forma eficaz de aliviar el dolor al comer o que interfiere al hablar. La ortodoncia puede tener un resultado positivo para los pacientes de cualquier edad, y puede prevenir complicaciones o da\u00f1os posteriores causados por el crecimiento incorrecto de los dientes, la estructura de la mand\u00edbula, as\u00ed como afecciones causadas por enfermedades o accidentes.<\/p>\r\n\r\n\r\n\r\n<p>Por \u00faltimo, pero no menos importante, no s\u00f3lo que los dientes rectos se ven y se sienten mejor, sino que tambi\u00e9n son m\u00e1s f\u00e1ciles de limpiar y mantener una salud dental adecuada.<\/p>\r\n\r\n\r\n\r\n<h2 class=\"wp-block-heading\"><span class=\"ez-toc-section\" id=\"procedure-of-orthodontist-in-mexico\"><\/span><strong>Procedimiento de Ortodoncista en M\u00e9xico<\/strong><span class=\"ez-toc-section-end\"><\/span><\/h2>\r\n\r\n\r\n\r\n<p>Los procedimientos llevados a cabo por un ortodoncista en M\u00e9xico son similares a los de otros pa\u00edses. Los ortodoncistas se especializan en el diagn\u00f3stico, prevenci\u00f3n y correcci\u00f3n de dientes y maxilares desalineados. A continuaci\u00f3n se presenta un resumen del procedimiento general que se puede esperar cuando se visita a un ortodoncista en M\u00e9xico:<\/p>\r\n\r\n\r\n\r\n<ul class=\"wp-block-list\">\r\n<li><strong>Consulta inicial:<\/strong>\r\n<ul class=\"wp-block-list\">\r\n<li>El proceso suele comenzar con una consulta inicial. Durante esta cita, el ortodoncista examinar\u00e1 los dientes, los maxilares y la estructura facial del paciente.<\/li>\r\n\r\n\r\n\r\n<li>Se pueden tomar radiograf\u00edas, fotograf\u00edas e impresiones para evaluar el estado actual de los dientes y formular un plan de tratamiento.<\/li>\r\n<\/ul>\r\n<\/li>\r\n\r\n\r\n\r\n<li><strong>Diagn\u00f3stico y planificaci\u00f3n del tratamiento:<\/strong>\r\n<ul class=\"wp-block-list\">\r\n<li>Bas\u00e1ndose en el examen y en los datos recogidos, el ortodoncista diagnosticar\u00e1 los problemas ortod\u00f3ncicos espec\u00edficos.<\/li>\r\n\r\n\r\n\r\n<li>Se elaborar\u00e1 un plan de tratamiento personalizado en el que se indicar\u00e1n los aparatos de ortodoncia recomendados y la duraci\u00f3n estimada del tratamiento.<\/li>\r\n<\/ul>\r\n<\/li>\r\n\r\n\r\n\r\n<li><strong>Discusi\u00f3n de las opciones de tratamiento:<\/strong>\r\n<ul class=\"wp-block-list\">\r\n<li>El ortodoncista le explicar\u00e1 las distintas opciones de tratamiento disponibles, que pueden incluir aparatos tradicionales, alineadores transparentes u otros aparatos de ortodoncia.<\/li>\r\n\r\n\r\n\r\n<li>El paciente tendr\u00e1 la oportunidad de hacer preguntas y discutir sus preferencias, lo que le ayudar\u00e1 a tomar una decisi\u00f3n informada.<\/li>\r\n<\/ul>\r\n<\/li>\r\n\r\n\r\n\r\n<li><strong>Colocaci\u00f3n de aparatos de ortodoncia:<\/strong>\r\n<ul class=\"wp-block-list\">\r\n<li>Si se opta por los aparatos tradicionales, el ortodoncista pegar\u00e1 los brackets a los dientes y los conectar\u00e1 con alambres. Peri\u00f3dicamente se har\u00e1n ajustes para facilitar el movimiento de los dientes.<\/li>\r\n\r\n\r\n\r\n<li>En el caso de los alineadores transparentes, el paciente recibir\u00e1 una serie de alineadores personalizados y extra\u00edbles que deber\u00e1 llevar sobre los dientes. Estos alineadores se cambian a intervalos regulares para mover gradualmente los dientes a la posici\u00f3n deseada.<\/li>\r\n<\/ul>\r\n<\/li>\r\n\r\n\r\n\r\n<li><strong>Citas peri\u00f3dicas de seguimiento:<\/strong>\r\n<ul class=\"wp-block-list\">\r\n<li>Los pacientes deben acudir a citas peri\u00f3dicas de seguimiento para que el ortodoncista pueda supervisar los progresos, realizar ajustes y resolver cualquier duda.<\/li>\r\n\r\n\r\n\r\n<li>Los ajustes de los aparatos o el suministro de nuevos juegos de alineadores son habituales durante estas citas.<\/li>\r\n<\/ul>\r\n<\/li>\r\n\r\n\r\n\r\n<li><strong>Seguimiento y finalizaci\u00f3n:<\/strong>\r\n<ul class=\"wp-block-list\">\r\n<li>A lo largo del proceso de tratamiento, el ortodoncista seguir\u00e1 de cerca el progreso del movimiento de los dientes para asegurarse de que se consiguen los resultados deseados.<\/li>\r\n\r\n\r\n\r\n<li>Una vez alcanzados los objetivos del tratamiento, se retirar\u00e1n los aparatos de ortodoncia y el paciente podr\u00e1 recibir retenedores para mantener la posici\u00f3n corregida de los dientes.<\/li>\r\n<\/ul>\r\n<\/li>\r\n\r\n\r\n\r\n<li><strong>Cuidados postratamiento:<\/strong>\r\n<ul class=\"wp-block-list\">\r\n<li>Incluso una vez finalizada la fase activa del tratamiento, se suele recomendar a los pacientes que lleven retenedores para evitar que los dientes vuelvan a su posici\u00f3n original.<\/li>\r\n\r\n\r\n\r\n<li>El ortodoncista programar\u00e1 revisiones peri\u00f3dicas para controlar la estabilidad de la alineaci\u00f3n corregida.<\/li>\r\n<\/ul>\r\n<\/li>\r\n<\/ul>\r\n\r\n\r\n\r\n<h2 class=\"wp-block-heading\"><span class=\"ez-toc-section\" id=\"cost-of-orthodontist-in-mexico\"><\/span><strong>Costo del Ortodoncista en M\u00e9xico<\/strong><span class=\"ez-toc-section-end\"><\/span><\/h2>\r\n\r\n\r\n\r\n<p>El coste del tratamiento de ortodoncia en M\u00e9xico puede variar en funci\u00f3n de varios factores, como la complejidad del caso, el tipo de tratamiento de ortodoncia elegido, la ubicaci\u00f3n de la cl\u00ednica dental y la experiencia del ortodoncista. Adem\u00e1s, el coste puede incluir las consultas iniciales, las radiograf\u00edas, las citas de seguimiento y los ajustes necesarios.<\/p>\r\n\r\n\r\n\r\n<ul class=\"wp-block-list\">\r\n<li><strong>Ortodoncia tradicional: <\/strong>El costo de los brackets met\u00e1licos tradicionales en M\u00e9xico puede oscilar entre $1,500 y $3,500 o m\u00e1s, dependiendo de los factores antes mencionados.<\/li>\r\n\r\n\r\n\r\n<li><strong>Alineadores transparentes (por ejemplo, Invisalign): <\/strong>Los tratamientos con alineadores transparentes pueden costar entre $2,000 y $6,000 en M\u00e9xico. El precio var\u00eda en funci\u00f3n de la duraci\u00f3n y la complejidad del tratamiento.<\/li>\r\n\r\n\r\n\r\n<li><strong>Brackets cer\u00e1micos: <\/strong>Los brackets cer\u00e1micos, que se notan menos que los met\u00e1licos, pueden costar entre $2.000 y $4.000.<\/li>\r\n<\/ul>\r\n\r\n\r\n\r\n<p>Es importante tener en cuenta que se trata de estimaciones generales y que los costes reales pueden variar. Adem\u00e1s, los precios pueden haber cambiado desde mi \u00faltima actualizaci\u00f3n, por lo que se recomienda ponerse en contacto con las cl\u00ednicas de ortodoncia espec\u00edficas en M\u00e9xico para obtener la informaci\u00f3n de precios m\u00e1s precisa y actualizada.<\/p>\r\n\r\n\r\n\r\n<h2 class=\"wp-block-heading\"><span class=\"ez-toc-section\" id=\"best-candidates-for-orthodontist-in-mexico\"><\/span><strong>Los mejores candidatos para Ortodoncista en M\u00e9xico<\/strong><span class=\"ez-toc-section-end\"><\/span><\/h2>\r\n\r\n\r\n\r\n<p>Determinar los mejores candidatos para un tratamiento de ortodoncia en M\u00e9xico implica considerar diversos factores, al igual que en cualquier otro pa\u00eds. El tratamiento de ortodoncia suele solicitarse por razones tanto funcionales como est\u00e9ticas. Los candidatos ideales para dichos tratamientos son aquellos que tienen problemas dentales que la ortodoncia puede resolver. Estos problemas incluyen:<\/p>\r\n\r\n\r\n\r\n<ul class=\"wp-block-list\">\r\n<li><strong>Dientes api\u00f1ados<\/strong>: Es una de las razones m\u00e1s frecuentes para someterse a un tratamiento de ortodoncia. Los dientes api\u00f1ados pueden ser dif\u00edciles de limpiar, lo que provoca caries y enfermedades de las enc\u00edas.<\/li>\r\n\r\n\r\n\r\n<li><strong>Espacios entre los dientes<\/strong>: La ortodoncia puede ayudar a cerrar los huecos, lo que no s\u00f3lo mejora el aspecto sino que tambi\u00e9n evita posibles problemas como que se atasque la comida, lo que puede provocar enfermedades de las enc\u00edas.<\/li>\r\n\r\n\r\n\r\n<li><strong>Sobremordida o submordida<\/strong>: Una sobremordida (cuando los dientes superiores se superponen significativamente a los inferiores) o una submordida (cuando los dientes inferiores est\u00e1n demasiado adelantados) pueden provocar tensi\u00f3n en la mand\u00edbula y desgaste en determinados dientes.<\/li>\r\n\r\n\r\n\r\n<li><strong>Mordida cruzada<\/strong>: Se produce cuando algunos dientes superiores se asientan dentro de los inferiores cuando la boca est\u00e1 cerrada, lo que provoca un desgaste desigual y posibles problemas de mand\u00edbula.<\/li>\r\n\r\n\r\n\r\n<li><strong>Mordida abierta<\/strong>: Una mordida abierta, en la que hay un espacio notable entre los dientes superiores e inferiores cuando la boca est\u00e1 cerrada, puede afectar a la masticaci\u00f3n y al habla.<\/li>\r\n\r\n\r\n\r\n<li><strong>L\u00edneas medias dentales desalineadas<\/strong>: Este problema puede afectar a la funci\u00f3n de la mand\u00edbula y al correcto encuentro de los dientes.<\/li>\r\n<\/ul>\r\n\r\n\r\n\r\n<h2 class=\"wp-block-heading\"><span class=\"ez-toc-section\" id=\"benefits-of-orthodontist-in-mexico\"><\/span><strong>Beneficios del Ortodoncista en M\u00e9xico<\/strong><span class=\"ez-toc-section-end\"><\/span><\/h2>\r\n\r\n\r\n\r\n<p>El tratamiento de ortodoncia en M\u00e9xico ofrece varios beneficios, particularmente para aquellos que est\u00e1n considerando el turismo dental. Estas son algunas de las principales ventajas:<\/p>\r\n\r\n\r\n\r\n<ul class=\"wp-block-list\">\r\n<li><strong>Relaci\u00f3n coste-eficacia<\/strong>: Una de las principales razones por las que la gente elige M\u00e9xico para un tratamiento de ortodoncia es el costo. Los precios de los procedimientos dentales, incluyendo el tratamiento de ortodoncia, son a menudo significativamente m\u00e1s bajos que en pa\u00edses como Estados Unidos o Canad\u00e1. Esta diferencia de costo no refleja necesariamente un menor nivel de atenci\u00f3n, sino que se debe m\u00e1s al menor costo de vida y gastos operativos en M\u00e9xico.<\/li>\r\n\r\n\r\n\r\n<li><strong>Calidad asistencial<\/strong>: Muchos ortodoncistas en M\u00e9xico est\u00e1n bien entrenados y altamente capacitados. Algunos han recibido parte de su educaci\u00f3n o formaci\u00f3n en pa\u00edses como Estados Unidos o cuentan con certificaciones de organizaciones odontol\u00f3gicas internacionales. Esto significa que la calidad de la atenci\u00f3n puede ser comparable a la que los pacientes podr\u00edan esperar en sus pa\u00edses de origen.<\/li>\r\n\r\n\r\n\r\n<li><strong>Instalaciones y tecnolog\u00eda modernas<\/strong>: Dirigir <strong><a href=\"https:\/\/mexicoborderdentist.com\/es\/clinicas-dentales\/\" data-type=\"link\" data-id=\"https:\/\/mexicoborderdentist.com\/dental-clinics\/\">cl\u00ednicas dentales en M\u00e9xico<\/a><\/strong> a menudo cuentan con instalaciones de vanguardia y utilizan las \u00faltimas tecnolog\u00edas y t\u00e9cnicas en ortodoncia. Esto incluye radiograf\u00edas digitales, im\u00e1genes en 3D y modernos tipos de brackets y alineadores.<\/li>\r\n\r\n\r\n\r\n<li><strong>Comodidad para los pacientes norteamericanos<\/strong>: Para los pacientes de Estados Unidos y Canad\u00e1, M\u00e9xico es geogr\u00e1ficamente conveniente. Esta proximidad es beneficiosa para quienes necesitan realizar m\u00faltiples visitas para su tratamiento de ortodoncia.<\/li>\r\n\r\n\r\n\r\n<li><strong>Combinar el tratamiento con los viajes<\/strong>: Muchas personas combinan su tratamiento de ortodoncia con la oportunidad de pasar unas vacaciones en M\u00e9xico. El pa\u00eds ofrece diversas atracciones tur\u00edsticas, desde hermosas playas hasta lugares hist\u00f3ricos.<\/li>\r\n\r\n\r\n\r\n<li><strong>Atenci\u00f3n personalizada<\/strong>: Las cl\u00ednicas m\u00e1s peque\u00f1as de M\u00e9xico pueden ofrecer una atenci\u00f3n m\u00e1s personalizada en comparaci\u00f3n con los consultorios m\u00e1s grandes y concurridos de otros pa\u00edses. Esto puede dar lugar a una experiencia m\u00e1s c\u00f3moda y personalizada para el paciente.<\/li>\r\n\r\n\r\n\r\n<li><strong>Tiempos de espera cortos<\/strong>: En algunos casos, los pacientes pueden empezar antes su tratamiento en M\u00e9xico que en su pa\u00eds de origen, donde las listas de espera pueden ser m\u00e1s largas.<\/li>\r\n\r\n\r\n\r\n<li><strong>Personal biling\u00fce<\/strong>: Muchas cl\u00ednicas dentales de M\u00e9xico que atienden a pacientes internacionales cuentan con personal que habla ingl\u00e9s, lo que ayuda a superar las barreras ling\u00fc\u00edsticas y garantiza una comunicaci\u00f3n clara sobre los planes de tratamiento y la atenci\u00f3n.<\/li>\r\n<\/ul>\r\n\r\n\r\n\r\n<h4 class=\"wp-block-heading\"><strong>Programe su cita con el dentista ahora mismo y consiga su tratamiento de ortodoncia.<br \/>\u00a1Para obtener m\u00e1s informaci\u00f3n acerca de los servicios dentales en M\u00e9xico, por favor haga clic en el bot\u00f3n de abajo para obtener una cotizaci\u00f3n GRATIS!<\/strong><\/h4>\r\n\r\n\r\n\r\n<div class=\"wp-block-buttons is-content-justification-center is-layout-flex wp-container-core-buttons-is-layout-a89b3969 wp-block-buttons-is-layout-flex\">\r\n<div class=\"wp-block-button\"><a class=\"wp-block-button__link wp-element-button\" href=\"https:\/\/www.placidway.com\/request-info\" target=\"_blank\" rel=\"noreferrer noopener\">Obtener presupuesto gratuito<\/a><\/div>\r\n<\/div>","protected":false},"excerpt":{"rendered":"<p>Affordable Orthodontist in Mexico Back in the days, orthodontic procedures seemed to consist mostly of braces for teenagers in order [&hellip;]<\/p>\n","protected":false},"author":1,"featured_media":41957,"parent":13602,"menu_order":0,"comment_status":"closed","ping_status":"closed","template":"","meta":{"_acf_changed":false,"site-sidebar-layout":"default","site-content-layout":"","ast-site-content-layout":"default","site-content-style":"default","site-sidebar-style":"default","ast-global-header-display":"","ast-banner-title-visibility":"","ast-main-header-display":"","ast-hfb-above-header-display":"","ast-hfb-below-header-display":"","ast-hfb-mobile-header-display":"","site-post-title":"","ast-breadcrumbs-content":"","ast-featured-img":"","footer-sml-layout":"","ast-disable-related-posts":"","theme-transparent-header-meta":"","adv-header-id-meta":"","stick-header-meta":"","header-above-stick-meta":"","header-main-stick-meta":"","header-below-stick-meta":"","astra-migrate-meta-layouts":"default","ast-page-background-enabled":"default","ast-page-background-meta":{"desktop":{"background-color":"var(--ast-global-color-5)","background-image":"","background-repeat":"repeat","background-position":"center center","background-size":"auto","background-attachment":"scroll","background-type":"","background-media":"","overlay-type":"","overlay-color":"","overlay-opacity":"","overlay-gradient":""},"tablet":{"background-color":"","background-image":"","background-repeat":"repeat","background-position":"center center","background-size":"auto","background-attachment":"scroll","background-type":"","background-media":"","overlay-type":"","overlay-color":"","overlay-opacity":"","overlay-gradient":""},"mobile":{"background-color":"","background-image":"","background-repeat":"repeat","background-position":"center center","background-size":"auto","background-attachment":"scroll","background-type":"","background-media":"","overlay-type":"","overlay-color":"","overlay-opacity":"","overlay-gradient":""}},"ast-content-background-meta":{"desktop":{"background-color":"var(--ast-global-color-4)","background-image":"","background-repeat":"repeat","background-position":"center center","background-size":"auto","background-attachment":"scroll","background-type":"","background-media":"","overlay-type":"","overlay-color":"","overlay-opacity":"","overlay-gradient":""},"tablet":{"background-color":"var(--ast-global-color-4)","background-image":"","background-repeat":"repeat","background-position":"center center","background-size":"auto","background-attachment":"scroll","background-type":"","background-media":"","overlay-type":"","overlay-color":"","overlay-opacity":"","overlay-gradient":""},"mobile":{"background-color":"var(--ast-global-color-4)","background-image":"","background-repeat":"repeat","background-position":"center center","background-size":"auto","background-attachment":"scroll","background-type":"","background-media":"","overlay-type":"","overlay-color":"","overlay-opacity":"","overlay-gradient":""}},"footnotes":""},"class_list":["post-13635","page","type-page","status-publish","has-post-thumbnail","hentry"],"acf":[],"_links":{"self":[{"href":"https:\/\/mexicoborderdentist.com\/es\/wp-json\/wp\/v2\/pages\/13635","targetHints":{"allow":["GET"]}}],"collection":[{"href":"https:\/\/mexicoborderdentist.com\/es\/wp-json\/wp\/v2\/pages"}],"about":[{"href":"https:\/\/mexicoborderdentist.com\/es\/wp-json\/wp\/v2\/types\/page"}],"author":[{"embeddable":true,"href":"https:\/\/mexicoborderdentist.com\/es\/wp-json\/wp\/v2\/users\/1"}],"replies":[{"embeddable":true,"href":"https:\/\/mexicoborderdentist.com\/es\/wp-json\/wp\/v2\/comments?post=13635"}],"version-history":[{"count":0,"href":"https:\/\/mexicoborderdentist.com\/es\/wp-json\/wp\/v2\/pages\/13635\/revisions"}],"up":[{"embeddable":true,"href":"https:\/\/mexicoborderdentist.com\/es\/wp-json\/wp\/v2\/pages\/13602"}],"wp:featuredmedia":[{"embeddable":true,"href":"https:\/\/mexicoborderdentist.com\/es\/wp-json\/wp\/v2\/media\/41957"}],"wp:attachment":[{"href":"https:\/\/mexicoborderdentist.com\/es\/wp-json\/wp\/v2\/media?parent=13635"}],"curies":[{"name":"wp","href":"https:\/\/api.w.org\/{rel}","templated":true}]}}