
{"id":13631,"date":"2025-01-20T13:34:02","date_gmt":"2025-01-20T13:34:02","guid":{"rendered":"https:\/\/mexicoborderde.wpengine.com\/?page_id=13631"},"modified":"2025-02-20T13:38:04","modified_gmt":"2025-02-20T13:38:04","slug":"puentes-dentales","status":"publish","type":"page","link":"https:\/\/mexicoborderdentist.com\/es\/tratamientos-dentales\/puentes-dentales\/","title":{"rendered":"Puentes Dentales en M\u00e9xico - Costo y Beneficios"},"content":{"rendered":"<figure class=\"aligncenter wp-block-post-featured-image\"><img fetchpriority=\"high\" decoding=\"async\" width=\"900\" height=\"350\" src=\"https:\/\/mexicoborderdentist.com\/wp-content\/uploads\/2024\/01\/Dental-Bridges-in-mexico.jpg\" class=\"attachment-post-thumbnail size-post-thumbnail wp-post-image\" alt=\"Puentes dentales en M\u00e9xico\" style=\"object-fit:cover;\" srcset=\"https:\/\/mexicoborderdentist.com\/wp-content\/uploads\/2024\/01\/Dental-Bridges-in-mexico.jpg 900w, https:\/\/mexicoborderdentist.com\/wp-content\/uploads\/2024\/01\/Dental-Bridges-in-mexico-300x117.jpg 300w, https:\/\/mexicoborderdentist.com\/wp-content\/uploads\/2024\/01\/Dental-Bridges-in-mexico-150x58.jpg 150w, https:\/\/mexicoborderdentist.com\/wp-content\/uploads\/2024\/01\/Dental-Bridges-in-mexico-768x299.jpg 768w\" sizes=\"(max-width: 900px) 100vw, 900px\" title=\"\"><\/figure>\r\n\r\n\r\n<h2 class=\"wp-block-heading\"><span class=\"ez-toc-section\" id=\"overview-of-dental-bridges-in-mexico\"><\/span><strong>Puentes dentales en M\u00e9xico<\/strong><span class=\"ez-toc-section-end\"><\/span><\/h2>\r\n\r\n\r\n\r\n<p>La sonrisa es un rasgo importante para todos y cada uno de los individuos. Los dientes perdidos o da\u00f1ados no s\u00f3lo afectan a la apariencia, sino que pueden provocar una serie de problemas y enfermedades del habla. Los puentes act\u00faan como dentaduras permanentes o implantes, ayudando a reemplazar los dientes que se han ca\u00eddo. Hay varios tipos de Puentes Dentales en M\u00e9xico disponibles para elegir. El Costo de los Puentes Dentales en M\u00e9xico tambi\u00e9n depende del tipo de Puente Dental que usted elija.<\/p>\r\n\r\n\r\n\r\n<p>El dentista tendr\u00e1 en cuenta el estado de las enc\u00edas o la estructura de la mand\u00edbula del paciente. podr\u00e1 acomodar dientes artificiales o coronas. Los puentes cementados con resina se utilizan para sustituir los dientes delanteros siempre que los dientes y el tejido gingival circundantes est\u00e9n sanos.<\/p>\r\n\r\n\r\n\r\n<h2 class=\"wp-block-heading\"><span class=\"ez-toc-section\" id=\"procedure-of-dental-bridge-in-mexico\"><\/span>Procedimiento de Puente Dental en M\u00e9xico<span class=\"ez-toc-section-end\"><\/span><\/h2>\r\n\r\n\r\n\r\n<p>El procedimiento para obtener un puente dental en M\u00e9xico es generalmente similar al proceso en otros pa\u00edses. A continuaci\u00f3n te presentamos un panorama general de los pasos a seguir para obtener un puente dental:<\/p>\r\n\r\n\r\n\r\n<ul class=\"wp-block-list\">\r\n<li><strong>Consulta inicial:<\/strong> El proceso suele comenzar con una consulta inicial con un dentista. Durante esta visita, el dentista examinar\u00e1 su salud oral, tomar\u00e1 radiograf\u00edas y discutir\u00e1 sus opciones de tratamiento.<\/li>\r\n\r\n\r\n\r\n<li><strong>Planificaci\u00f3n del tratamiento:<\/strong> Bas\u00e1ndose en el examen y la informaci\u00f3n de diagn\u00f3stico, el dentista le explicar\u00e1 los distintos tipos de puentes dentales disponibles, incluidos los puentes tradicionales, los puentes en voladizo y los puentes cementados con resina. Se determinar\u00e1 la opci\u00f3n m\u00e1s adecuada para su caso.<\/li>\r\n\r\n\r\n\r\n<li><strong>Preparaci\u00f3n de los dientes pilares:<\/strong> Si se opta por los puentes dentales tradicionales, se preparan los dientes adyacentes (dientes pilares) que soportar\u00e1n el puente. Esto implica eliminar una peque\u00f1a cantidad de esmalte para dejar espacio a las coronas dentales que se colocar\u00e1n en estos dientes.<\/li>\r\n\r\n\r\n\r\n<li><strong>Impresiones:<\/strong> Tras preparar los dientes pilares, se toman impresiones de sus dientes. Estas impresiones ayudan a crear un modelo exacto de sus dientes, que es utilizado por el laboratorio dental para fabricar el puente dental.<\/li>\r\n\r\n\r\n\r\n<li><strong>Puente temporal:<\/strong> Mientras se fabrica el puente permanente, el dentista puede colocar un puente provisional para proteger los dientes expuestos y mantener la est\u00e9tica y la funci\u00f3n.<\/li>\r\n\r\n\r\n\r\n<li><strong>Fabricaci\u00f3n de puentes:<\/strong> Las impresiones se env\u00edan a un laboratorio dental donde t\u00e9cnicos especializados crean el puente a medida. Este proceso puede durar un par de semanas.<\/li>\r\n\r\n\r\n\r\n<li><strong>Colocaci\u00f3n de puentes:<\/strong> Una vez que el puente permanente est\u00e9 listo, volver\u00e1 a la consulta del dentista para su colocaci\u00f3n. El dentista comprobar\u00e1 el ajuste, la est\u00e9tica y la mordida para asegurarse de que todo es c\u00f3modo y funcional.<\/li>\r\n\r\n\r\n\r\n<li><strong>Ajustes y cementaci\u00f3n:<\/strong> Se realizan los ajustes necesarios para garantizar un ajuste y una mordida adecuados. Una vez satisfecho, el puente dental se cementa permanentemente sobre los dientes pilares.<\/li>\r\n\r\n\r\n\r\n<li><strong>Cuidados posteriores a la colocaci\u00f3n:<\/strong> El dentista le dar\u00e1 instrucciones sobre los cuidados posteriores a la colocaci\u00f3n, incluidas las pr\u00e1cticas de higiene bucal y cualquier restricci\u00f3n diet\u00e9tica para garantizar la longevidad del puente dental.<\/li>\r\n<\/ul>\r\n\r\n\r\n\r\n<h2 class=\"wp-block-heading\"><span class=\"ez-toc-section\" id=\"how-much-dental-bridge-cost-in-mexico\"><\/span><strong>\u00bfCu\u00e1nto cuesta un Puente Dental en M\u00e9xico?<\/strong><span class=\"ez-toc-section-end\"><\/span><\/h2>\r\n\r\n\r\n\r\n<p>El Costo de un Puente Dental en M\u00e9xico puede variar dependiendo de varios factores, como por ejemplo si se necesita alg\u00fan otro tratamiento adicional. Los materiales utilizados en un puente tambi\u00e9n pueden afectar el costo, as\u00ed como la calidad del trabajo realizado por el laboratorio en la fabricaci\u00f3n del puente.<\/p>\r\n\r\n\r\n\r\n<p>Estos son algunos ejemplos de paquetes que presentan Costo de Puente Dental en M\u00e9xico:<\/p>\r\n\r\n\r\n\r\n<figure class=\"wp-block-table is-style-stripes\">\r\n<table>\r\n<thead>\r\n<tr>\r\n<th class=\"has-text-align-left\" data-align=\"left\">Ciudad<\/th>\r\n<th class=\"has-text-align-left\" data-align=\"left\">Coste<\/th>\r\n<\/tr>\r\n<\/thead>\r\n<tbody>\r\n<tr>\r\n<td class=\"has-text-align-left\" data-align=\"left\">Los Algodones<\/td>\r\n<td class=\"has-text-align-left\" data-align=\"left\">$350<\/td>\r\n<\/tr>\r\n<tr>\r\n<td class=\"has-text-align-left\" data-align=\"left\">Tijuana<\/td>\r\n<td class=\"has-text-align-left\" data-align=\"left\">$600<\/td>\r\n<\/tr>\r\n<tr>\r\n<td class=\"has-text-align-left\" data-align=\"left\">Playa del Carmen<\/td>\r\n<td class=\"has-text-align-left\" data-align=\"left\">$1040<\/td>\r\n<\/tr>\r\n<tr>\r\n<td class=\"has-text-align-left\" data-align=\"left\">Ciudad de M\u00e9xico<\/td>\r\n<td class=\"has-text-align-left\" data-align=\"left\">$1013<\/td>\r\n<\/tr>\r\n<\/tbody>\r\n<\/table>\r\n<figcaption class=\"wp-element-caption\"><strong><em>Costo de Puentes Dentales en M\u00e9xico<\/em><\/strong><\/figcaption>\r\n<\/figure>\r\n\r\n\r\n\r\n<div class=\"wp-block-columns is-layout-flex wp-container-core-columns-is-layout-28f84493 wp-block-columns-is-layout-flex\">\r\n<div class=\"wp-block-column is-layout-flow wp-block-column-is-layout-flow\">\r\n<figure class=\"wp-block-image aligncenter\"><img decoding=\"async\" class=\"wp-image-12453\" title=\"Puentes dentales\" src=\"https:\/\/mexicoborderdentist.com\/wp-content\/uploads\/dental-bridges.png\" alt=\"Puentes dentales en M\u00e9xico\" \/><\/figure>\r\n<\/div>\r\n\r\n\r\n\r\n<div class=\"wp-block-column is-layout-flow wp-block-column-is-layout-flow\">\r\n<p>En el caso de que los dientes adyacentes est\u00e9n cariados o rotos, la <strong><a href=\"https:\/\/mexicoborderdentist.com\/es\/dentista\/\" target=\"_blank\" rel=\"noopener\">dentista<\/a><\/strong> los reconstruir\u00e1 para que puedan soportar el puente. Los puentes fijos y en voladizo requieren dar forma a los dientes a ambos lados del diente que falta. Para que encaje la corona que despu\u00e9s cubrir\u00e1 los dientes modelados.<\/p>\r\n<\/div>\r\n<\/div>\r\n\r\n\r\n\r\n<h2 class=\"wp-block-heading\"><span class=\"ez-toc-section\" id=\"eligible-candidate-for-dental-bridges\"><\/span><strong>Candidato apto para puentes dentales<\/strong><span class=\"ez-toc-section-end\"><\/span><\/h2>\r\n\r\n\r\n\r\n<p>Los puentes dentales son una opci\u00f3n de restauraci\u00f3n dental dise\u00f1ada para sustituir uno o varios dientes ausentes. Un candidato id\u00f3neo para los puentes dentales suele tener unas condiciones y consideraciones dentales espec\u00edficas. Estos son algunos factores que hacen que una persona sea un candidato adecuado para los puentes dentales:<\/p>\r\n\r\n\r\n\r\n<ul class=\"wp-block-list\">\r\n<li><strong>Falta de dientes:<\/strong> La principal indicaci\u00f3n de los puentes dentales es la ausencia de uno o varios dientes. Los puentes se utilizan para rellenar el hueco creado por los dientes ausentes y restaurar tanto la funci\u00f3n como la est\u00e9tica.<\/li>\r\n\r\n\r\n\r\n<li><strong>Buena salud bucodental:<\/strong> Por lo general, un candidato a puente dental debe gozar de buena salud bucal. Esto incluye dientes y enc\u00edas sanos. Cualquier problema existente, como enfermedad de las enc\u00edas o caries, puede necesitar ser tratado antes de colocar un puente dental.<\/li>\r\n\r\n\r\n\r\n<li><strong>Dientes estables adyacentes al hueco:<\/strong> Los puentes dentales suelen anclarse a los dientes naturales adyacentes al hueco. Estos dientes de anclaje deben estar sanos y ser lo suficientemente fuertes y estables para soportar el puente. En algunos casos, pueden utilizarse implantes dentales como soportes.<\/li>\r\n\r\n\r\n\r\n<li><strong>Densidad \u00f3sea suficiente:<\/strong> El hueso maxilar de la zona en la que se va a colocar el puente debe tener suficiente densidad \u00f3sea para soportar el puente dental. Si el hueso es insuficiente, pueden ser necesarios procedimientos adicionales como el injerto \u00f3seo.<\/li>\r\n\r\n\r\n\r\n<li><strong>Compromiso con la higiene bucodental:<\/strong> Mantener una buena higiene bucal es crucial para el \u00e9xito y la longevidad de los puentes dentales. El candidato debe cepillarse los dientes con regularidad, usar hilo dental y someterse a revisiones dentales para evitar complicaciones.<\/li>\r\n\r\n\r\n\r\n<li><strong>No rechinar los dientes (bruxismo):<\/strong> Las personas que rechinan mucho los dientes (bruxismo) pueden no ser candidatos ideales para los puentes dentales. El rechinamiento puede ejercer una fuerza excesiva sobre el puente dental y provocar complicaciones.<\/li>\r\n\r\n\r\n\r\n<li><strong>Consideraciones generales sobre la salud:<\/strong> La salud general del candidato es un factor importante. Determinados problemas de salud o medicamentos pueden afectar a la capacidad para someterse a procedimientos dentales. Es esencial comunicar al dentista cualquier enfermedad o medicaci\u00f3n.<\/li>\r\n\r\n\r\n\r\n<li><strong>Expectativas realistas:<\/strong> El candidato debe tener unas expectativas realistas sobre los resultados de la intervenci\u00f3n de puentes dentales. Aunque los puentes pueden mejorar significativamente el aspecto y la funci\u00f3n de la sonrisa, no son una soluci\u00f3n \u00fanica, y los resultados individuales pueden variar.<\/li>\r\n<\/ul>\r\n\r\n\r\n\r\n<h2 class=\"wp-block-heading\"><span class=\"ez-toc-section\" id=\"benefits-of-dental-bridges-in-mexico\"><\/span><strong>Beneficios de los Puentes Dentales en M\u00e9xico<\/strong><span class=\"ez-toc-section-end\"><\/span><\/h2>\r\n\r\n\r\n\r\n<p>Conseguir puentes dentales en M\u00e9xico puede ofrecer varios beneficios, por lo que es una opci\u00f3n atractiva para las personas que buscan atenci\u00f3n dental. Algunas de las ventajas incluyen:<\/p>\r\n\r\n\r\n\r\n<ul class=\"wp-block-list\">\r\n<li><strong>Ahorro de costes:<\/strong> Una de las principales razones por las que la gente elige la atenci\u00f3n dental en M\u00e9xico es el potencial de ahorro de costes significativos. Los procedimientos dentales, incluida la colocaci\u00f3n de puentes dentales, pueden ser m\u00e1s asequibles en M\u00e9xico en comparaci\u00f3n con muchos otros pa\u00edses, incluidos Estados Unidos y Canad\u00e1.<\/li>\r\n\r\n\r\n\r\n<li><strong>Atenci\u00f3n dental de calidad:<\/strong> Muchas cl\u00ednicas dentales en M\u00e9xico mantienen altos est\u00e1ndares de atenci\u00f3n dental, empleando dentistas cualificados y experimentados. Algunos profesionales de la odontolog\u00eda en M\u00e9xico pueden haber recibido formaci\u00f3n a nivel internacional y se adhieren a las normas internacionales de la pr\u00e1ctica.<\/li>\r\n\r\n\r\n\r\n<li><strong>Modernas instalaciones:<\/strong> Las cl\u00ednicas dentales en M\u00e9xico a menudo invierten en equipos modernos y de vanguardia para proporcionar servicios dentales de calidad. Esto incluye tecnolog\u00eda avanzada para el diagn\u00f3stico, la planificaci\u00f3n del tratamiento y los procedimientos dentales propiamente dichos.<\/li>\r\n\r\n\r\n\r\n<li><strong>Dentistas con experiencia:<\/strong> Muchos dentistas en M\u00e9xico tienen amplia experiencia en la prestaci\u00f3n de servicios dentales, incluida la colocaci\u00f3n de puentes dentales. Algunos pueden tener cualificaciones internacionales y pertenecer a organizaciones profesionales, lo que garantiza un alto nivel de experiencia.<\/li>\r\n\r\n\r\n\r\n<li><strong>Citas r\u00e1pidas:<\/strong> Las cl\u00ednicas dentales en M\u00e9xico pueden ofrecer horarios m\u00e1s flexibles, lo que permite a los pacientes recibir citas r\u00e1pidas para consultas y tratamientos. Esto puede ser particularmente beneficioso para las personas que buscan atenci\u00f3n dental oportuna.<\/li>\r\n\r\n\r\n\r\n<li><strong>Oportunidades tur\u00edsticas:<\/strong> Muchos turistas dentales combinan sus tratamientos dentales con unas vacaciones en M\u00e9xico. Esto permite a las personas explorar el pa\u00eds, disfrutar de su cultura y aprovechar las diversas atracciones tur\u00edsticas mientras reciben atenci\u00f3n dental.<\/li>\r\n\r\n\r\n\r\n<li><strong>Comunicaci\u00f3n en ingl\u00e9s:<\/strong> En los destinos de turismo dental m\u00e1s populares de M\u00e9xico, los profesionales dentales suelen hablar ingl\u00e9s, lo que facilita a los pacientes internacionales la comunicaci\u00f3n y la comprensi\u00f3n del proceso de tratamiento.<\/li>\r\n\r\n\r\n\r\n<li><strong>Atenci\u00f3n personalizada:<\/strong> Algunos pacientes aprecian la atenci\u00f3n personalizada que reciben en cl\u00ednicas m\u00e1s peque\u00f1as, donde el personal puede prestar una atenci\u00f3n individualizada y establecer una relaci\u00f3n m\u00e1s personal con los pacientes.<\/li>\r\n<\/ul>\r\n\r\n\r\n\r\n<p>\u00a1Para obtener m\u00e1s informaci\u00f3n sobre el costo de los puentes dentales en M\u00e9xico, por favor haga clic en el bot\u00f3n de abajo para obtener una cotizaci\u00f3n GRATIS!<\/p>\r\n\r\n\r\n\r\n<div class=\"wp-block-buttons is-content-justification-center is-layout-flex wp-container-core-buttons-is-layout-a89b3969 wp-block-buttons-is-layout-flex\">\r\n<div class=\"wp-block-button\"><a class=\"wp-block-button__link wp-element-button\" href=\"https:\/\/www.placidway.com\/request-info\" target=\"_blank\" rel=\"noreferrer noopener\">Obtener presupuesto gratuito<\/a><\/div>\r\n<\/div>","protected":false},"excerpt":{"rendered":"<p>Overview of Dental Bridges in Mexico The smile is an important feature for each and every individual. Missing or damage [&hellip;]<\/p>\n","protected":false},"author":1,"featured_media":41953,"parent":13602,"menu_order":0,"comment_status":"closed","ping_status":"closed","template":"","meta":{"_acf_changed":false,"site-sidebar-layout":"default","site-content-layout":"","ast-site-content-layout":"default","site-content-style":"default","site-sidebar-style":"default","ast-global-header-display":"","ast-banner-title-visibility":"","ast-main-header-display":"","ast-hfb-above-header-display":"","ast-hfb-below-header-display":"","ast-hfb-mobile-header-display":"","site-post-title":"","ast-breadcrumbs-content":"","ast-featured-img":"","footer-sml-layout":"","ast-disable-related-posts":"","theme-transparent-header-meta":"","adv-header-id-meta":"","stick-header-meta":"","header-above-stick-meta":"","header-main-stick-meta":"","header-below-stick-meta":"","astra-migrate-meta-layouts":"default","ast-page-background-enabled":"default","ast-page-background-meta":{"desktop":{"background-color":"var(--ast-global-color-5)","background-image":"","background-repeat":"repeat","background-position":"center center","background-size":"auto","background-attachment":"scroll","background-type":"","background-media":"","overlay-type":"","overlay-color":"","overlay-opacity":"","overlay-gradient":""},"tablet":{"background-color":"","background-image":"","background-repeat":"repeat","background-position":"center center","background-size":"auto","background-attachment":"scroll","background-type":"","background-media":"","overlay-type":"","overlay-color":"","overlay-opacity":"","overlay-gradient":""},"mobile":{"background-color":"","background-image":"","background-repeat":"repeat","background-position":"center center","background-size":"auto","background-attachment":"scroll","background-type":"","background-media":"","overlay-type":"","overlay-color":"","overlay-opacity":"","overlay-gradient":""}},"ast-content-background-meta":{"desktop":{"background-color":"var(--ast-global-color-4)","background-image":"","background-repeat":"repeat","background-position":"center center","background-size":"auto","background-attachment":"scroll","background-type":"","background-media":"","overlay-type":"","overlay-color":"","overlay-opacity":"","overlay-gradient":""},"tablet":{"background-color":"var(--ast-global-color-4)","background-image":"","background-repeat":"repeat","background-position":"center center","background-size":"auto","background-attachment":"scroll","background-type":"","background-media":"","overlay-type":"","overlay-color":"","overlay-opacity":"","overlay-gradient":""},"mobile":{"background-color":"var(--ast-global-color-4)","background-image":"","background-repeat":"repeat","background-position":"center center","background-size":"auto","background-attachment":"scroll","background-type":"","background-media":"","overlay-type":"","overlay-color":"","overlay-opacity":"","overlay-gradient":""}},"footnotes":""},"class_list":["post-13631","page","type-page","status-publish","has-post-thumbnail","hentry"],"acf":[],"_links":{"self":[{"href":"https:\/\/mexicoborderdentist.com\/es\/wp-json\/wp\/v2\/pages\/13631","targetHints":{"allow":["GET"]}}],"collection":[{"href":"https:\/\/mexicoborderdentist.com\/es\/wp-json\/wp\/v2\/pages"}],"about":[{"href":"https:\/\/mexicoborderdentist.com\/es\/wp-json\/wp\/v2\/types\/page"}],"author":[{"embeddable":true,"href":"https:\/\/mexicoborderdentist.com\/es\/wp-json\/wp\/v2\/users\/1"}],"replies":[{"embeddable":true,"href":"https:\/\/mexicoborderdentist.com\/es\/wp-json\/wp\/v2\/comments?post=13631"}],"version-history":[{"count":0,"href":"https:\/\/mexicoborderdentist.com\/es\/wp-json\/wp\/v2\/pages\/13631\/revisions"}],"up":[{"embeddable":true,"href":"https:\/\/mexicoborderdentist.com\/es\/wp-json\/wp\/v2\/pages\/13602"}],"wp:featuredmedia":[{"embeddable":true,"href":"https:\/\/mexicoborderdentist.com\/es\/wp-json\/wp\/v2\/media\/41953"}],"wp:attachment":[{"href":"https:\/\/mexicoborderdentist.com\/es\/wp-json\/wp\/v2\/media?parent=13631"}],"curies":[{"name":"wp","href":"https:\/\/api.w.org\/{rel}","templated":true}]}}