
{"id":13602,"date":"2025-01-20T13:42:40","date_gmt":"2025-01-20T13:42:40","guid":{"rendered":"https:\/\/mexicoborderde.wpengine.com\/?page_id=13602"},"modified":"2025-01-20T13:42:40","modified_gmt":"2025-01-20T13:42:40","slug":"tratamientos-dentales","status":"publish","type":"page","link":"https:\/\/mexicoborderdentist.com\/es\/tratamientos-dentales\/","title":{"rendered":"Trabajo dental en M\u00e9xico"},"content":{"rendered":"<div class=\"wp-block-cover\" style=\"min-height: 200px;aspect-ratio:unset;\"><img fetchpriority=\"high\" decoding=\"async\" width=\"900\" height=\"365\" class=\"wp-block-cover__image-background wp-image-41826\" style=\"object-position: 50% 50%;\" src=\"https:\/\/mexicoborderdentist.com\/wp-content\/uploads\/2023\/12\/Dentist-in-Tijuana-Mexico.jpg\" alt=\"Tratamientos dentales en M\u00e9xico\" data-object-fit=\"cover\" data-object-position=\"50% 50%\" title=\"\" srcset=\"https:\/\/mexicoborderdentist.com\/wp-content\/uploads\/2023\/12\/Dentist-in-Tijuana-Mexico.jpg 900w, https:\/\/mexicoborderdentist.com\/wp-content\/uploads\/2023\/12\/Dentist-in-Tijuana-Mexico-300x122.jpg 300w, https:\/\/mexicoborderdentist.com\/wp-content\/uploads\/2023\/12\/Dentist-in-Tijuana-Mexico-150x61.jpg 150w, https:\/\/mexicoborderdentist.com\/wp-content\/uploads\/2023\/12\/Dentist-in-Tijuana-Mexico-768x311.jpg 768w\" sizes=\"(max-width: 900px) 100vw, 900px\" \/>\r\n<div class=\"wp-block-cover__inner-container is-layout-constrained wp-block-cover-is-layout-constrained\">\r\n<h1 class=\"wp-block-heading has-text-align-center has-white-color has-text-color has-link-color has-x-large-font-size wp-elements-34e9683f07bf99cc21231554e1962e7d\" style=\"font-style: normal; font-weight: bold;\">Tratamientos dentales en M\u00e9xico<\/h1>\r\n<\/div>\r\n<\/div>\r\n\r\n\r\n\r\n<div class=\"wp-block-spacer\" style=\"height: 3rem;\" aria-hidden=\"true\">\u00a0<\/div>\r\n\r\n\r\n\r\n<div class=\"wp-block-columns is-layout-flex wp-container-core-columns-is-layout-28f84493 wp-block-columns-is-layout-flex\">\r\n<div class=\"wp-block-column clinic-card is-layout-flow wp-block-column-is-layout-flow\">\r\n<figure class=\"wp-block-image aligncenter size-full is-style-rounded\"><a href=\"https:\/\/mexicoborderdentist.com\/es\/tratamientos-dentales\/all-on-4-implantes-dentales-en-mexico\/\" target=\"_blank\" rel=\"noopener\"><img decoding=\"async\" width=\"250\" height=\"150\" class=\"wp-image-37402\" style=\"aspect-ratio: 1; object-fit: cover;\" src=\"https:\/\/mexicoborderdentist.com\/wp-content\/uploads\/all-on-4.webp\" alt=\"todo en 4\" title=\"\" srcset=\"https:\/\/mexicoborderdentist.com\/wp-content\/uploads\/all-on-4.webp 250w, https:\/\/mexicoborderdentist.com\/wp-content\/uploads\/all-on-4-150x90.webp 150w, https:\/\/mexicoborderdentist.com\/wp-content\/uploads\/all-on-4-200x120.webp 200w\" sizes=\"(max-width: 250px) 100vw, 250px\" \/><\/a><\/figure>\r\n\r\n\r\n\r\n<h3 class=\"wp-block-heading has-text-align-center\"><strong><a href=\"https:\/\/mexicoborderdentist.com\/es\/tratamientos-dentales\/all-on-4-implantes-dentales-en-mexico\/\" target=\"_blank\" rel=\"noopener\">Implantes dentales All on 4<\/a><\/strong><\/h3>\r\n\r\n\r\n\r\n<p>Los implantes dentales all-on-4 son un sistema desarrollado recientemente como soluci\u00f3n para las personas que han perdido muchos o son todos sus dientes....<\/p>\r\n<\/div>\r\n\r\n\r\n\r\n<div class=\"wp-block-column clinic-card is-layout-flow wp-block-column-is-layout-flow\">\r\n<figure class=\"wp-block-image aligncenter is-style-rounded\"><a href=\"https:\/\/mexicoborderdentist.com\/es\/tratamientos-dentales\/todo-sobre-6-implantes-dentales\/\" target=\"_blank\" rel=\"noopener\"><img decoding=\"async\" width=\"250\" height=\"150\" class=\"wp-image-37403\" style=\"aspect-ratio: 1; object-fit: cover;\" src=\"https:\/\/mexicoborderdentist.com\/wp-content\/uploads\/All-on-6.webp\" alt=\"todos en 6\" title=\"\" srcset=\"https:\/\/mexicoborderdentist.com\/wp-content\/uploads\/All-on-6.webp 250w, https:\/\/mexicoborderdentist.com\/wp-content\/uploads\/All-on-6-150x90.webp 150w, https:\/\/mexicoborderdentist.com\/wp-content\/uploads\/All-on-6-200x120.webp 200w\" sizes=\"(max-width: 250px) 100vw, 250px\" \/><\/a><\/figure>\r\n\r\n\r\n\r\n<h3 class=\"wp-block-heading has-text-align-center\"><strong><a href=\"https:\/\/mexicoborderdentist.com\/es\/tratamientos-dentales\/todo-sobre-6-implantes-dentales\/\" target=\"_blank\" rel=\"noopener\">Implantes dentales All on 6<\/a><\/strong><\/h3>\r\n\r\n\r\n\r\n<p>Los Implantes Dentales All-on-6 en M\u00e9xico son una t\u00e9cnica rentable y revolucionaria mediante la cual toda una arcada de dientes...<\/p>\r\n<\/div>\r\n\r\n\r\n\r\n<div class=\"wp-block-column clinic-card is-layout-flow wp-block-column-is-layout-flow\">\r\n<figure class=\"wp-block-image aligncenter is-style-rounded\"><a href=\"https:\/\/mexicoborderdentist.com\/es\/tratamientos-dentales\/implantes-dentales-all-on-8\/\" target=\"_blank\" rel=\"noopener\"><img loading=\"lazy\" decoding=\"async\" width=\"250\" height=\"150\" class=\"wp-image-37206\" style=\"aspect-ratio: 1; object-fit: contain;\" src=\"https:\/\/mexicoborderdentist.com\/wp-content\/uploads\/all-on-8-1.png\" alt=\"todo en 8\" title=\"\" srcset=\"https:\/\/mexicoborderdentist.com\/wp-content\/uploads\/all-on-8-1.png 250w, https:\/\/mexicoborderdentist.com\/wp-content\/uploads\/all-on-8-1-150x90.png 150w, https:\/\/mexicoborderdentist.com\/wp-content\/uploads\/all-on-8-1-200x120.png 200w\" sizes=\"(max-width: 250px) 100vw, 250px\" \/><\/a><\/figure>\r\n\r\n\r\n\r\n<h3 class=\"wp-block-heading has-text-align-center\"><strong><a href=\"https:\/\/mexicoborderdentist.com\/es\/tratamientos-dentales\/implantes-dentales-all-on-8\/\" target=\"_blank\" rel=\"noopener\">Implantes dentales All on 8<\/a><\/strong><\/h3>\r\n\r\n\r\n\r\n<p>El sistema de implantes dentales all on 8 en M\u00e9xico da una sonrisa perfecta y brillante sin la molestia de las dentaduras postizas que no se mantienen en su lugar....<\/p>\r\n<\/div>\r\n<\/div>\r\n\r\n\r\n\r\n<div class=\"wp-block-columns is-layout-flex wp-container-core-columns-is-layout-28f84493 wp-block-columns-is-layout-flex\">\r\n<div class=\"wp-block-column clinic-card is-layout-flow wp-block-column-is-layout-flow\">\r\n<figure class=\"wp-block-image aligncenter is-style-rounded\"><a href=\"https:\/\/mexicoborderdentist.com\/es\/tratamientos-dentales\/implantes-dentales-en-mexico\/\" target=\"_blank\" rel=\"noopener\"><img loading=\"lazy\" decoding=\"async\" width=\"250\" height=\"150\" class=\"wp-image-37405\" style=\"aspect-ratio: 1; object-fit: cover;\" src=\"https:\/\/mexicoborderdentist.com\/wp-content\/uploads\/dental-implant.webp\" alt=\"implante dental\" title=\"\" srcset=\"https:\/\/mexicoborderdentist.com\/wp-content\/uploads\/dental-implant.webp 250w, https:\/\/mexicoborderdentist.com\/wp-content\/uploads\/dental-implant-150x90.webp 150w, https:\/\/mexicoborderdentist.com\/wp-content\/uploads\/dental-implant-200x120.webp 200w\" sizes=\"(max-width: 250px) 100vw, 250px\" \/><\/a><\/figure>\r\n\r\n\r\n\r\n<h3 class=\"wp-block-heading has-text-align-center\"><strong><a href=\"https:\/\/mexicoborderdentist.com\/es\/tratamientos-dentales\/implantes-dentales-en-mexico\/\" target=\"_blank\" rel=\"noopener\">Implantes dentales<\/a><\/strong><\/h3>\r\n\r\n\r\n\r\n<p>Los implantes dentales se encuentran entre los procedimientos dentales m\u00e1s comunes realizados en M\u00e9xico. Los implantes dentales son...<\/p>\r\n<\/div>\r\n\r\n\r\n\r\n<div class=\"wp-block-column clinic-card is-layout-flow wp-block-column-is-layout-flow\">\r\n<figure class=\"wp-block-image aligncenter is-style-rounded\"><a href=\"https:\/\/mexicoborderdentist.com\/es\/tratamientos-dentales\/dentaduras\/\" target=\"_blank\" rel=\"noopener\"><img loading=\"lazy\" decoding=\"async\" width=\"250\" height=\"150\" class=\"wp-image-37198\" style=\"aspect-ratio: 1; object-fit: cover;\" src=\"https:\/\/mexicoborderdentist.com\/wp-content\/uploads\/Dentures.jpg\" alt=\"dentaduras\" title=\"\" srcset=\"https:\/\/mexicoborderdentist.com\/wp-content\/uploads\/Dentures.jpg 250w, https:\/\/mexicoborderdentist.com\/wp-content\/uploads\/Dentures-150x90.jpg 150w, https:\/\/mexicoborderdentist.com\/wp-content\/uploads\/Dentures-200x120.jpg 200w\" sizes=\"(max-width: 250px) 100vw, 250px\" \/><\/a><\/figure>\r\n\r\n\r\n\r\n<h3 class=\"wp-block-heading has-text-align-center\"><strong><a href=\"https:\/\/mexicoborderdentist.com\/es\/tratamientos-dentales\/dentaduras\/\" target=\"_blank\" rel=\"noopener\">Dentaduras postizas<\/a><\/strong><\/h3>\r\n\r\n\r\n\r\n<p>La p\u00e9rdida de dientes puede deberse a caries, lesiones en los dientes y la mand\u00edbula o enfermedades. La soluci\u00f3n m\u00e1s f\u00e1cil y asequible...<\/p>\r\n<\/div>\r\n\r\n\r\n\r\n<div class=\"wp-block-column clinic-card is-layout-flow wp-block-column-is-layout-flow\">\r\n<figure class=\"wp-block-image aligncenter is-style-rounded\"><a href=\"https:\/\/mexicoborderdentist.com\/es\/tratamientos-dentales\/carillas-dentales\/\" target=\"_blank\" rel=\"noopener\"><img loading=\"lazy\" decoding=\"async\" width=\"250\" height=\"150\" class=\"wp-image-37406\" style=\"aspect-ratio: 1; object-fit: cover;\" src=\"https:\/\/mexicoborderdentist.com\/wp-content\/uploads\/dental-veneer.webp\" alt=\"carilla dental\" title=\"\" srcset=\"https:\/\/mexicoborderdentist.com\/wp-content\/uploads\/dental-veneer.webp 250w, https:\/\/mexicoborderdentist.com\/wp-content\/uploads\/dental-veneer-150x90.webp 150w, https:\/\/mexicoborderdentist.com\/wp-content\/uploads\/dental-veneer-200x120.webp 200w\" sizes=\"(max-width: 250px) 100vw, 250px\" \/><\/a><\/figure>\r\n\r\n\r\n\r\n<h3 class=\"wp-block-heading has-text-align-center\"><strong><a href=\"https:\/\/mexicoborderdentist.com\/es\/tratamientos-dentales\/carillas-dentales\/\" target=\"_blank\" rel=\"noreferrer noopener\">Carillas dentales<\/a><\/strong><\/h3>\r\n\r\n\r\n\r\n<p>Las carillas dentales Tratamientos Dentales en M\u00e9xico pueden ser una gran soluci\u00f3n para una sonrisa brillante. Como en el turismo dental m\u00e1s reputado.....<\/p>\r\n<\/div>\r\n<\/div>\r\n\r\n\r\n\r\n<div class=\"wp-block-columns is-layout-flex wp-container-core-columns-is-layout-28f84493 wp-block-columns-is-layout-flex\">\r\n<div class=\"wp-block-column clinic-card is-layout-flow wp-block-column-is-layout-flow\">\r\n<figure class=\"wp-block-image aligncenter is-style-rounded\"><a href=\"https:\/\/mexicoborderdentist.com\/es\/tratamientos-dentales\/puentes-dentales\/\" target=\"_blank\" rel=\"noopener\"><img loading=\"lazy\" decoding=\"async\" width=\"250\" height=\"150\" class=\"wp-image-37299\" style=\"aspect-ratio: 1; object-fit: cover;\" src=\"https:\/\/mexicoborderdentist.com\/wp-content\/uploads\/full-mouth-restoration.jpg\" alt=\"restauracion bucal completa en cancun mexico\" title=\"\" srcset=\"https:\/\/mexicoborderdentist.com\/wp-content\/uploads\/full-mouth-restoration.jpg 250w, https:\/\/mexicoborderdentist.com\/wp-content\/uploads\/full-mouth-restoration-150x90.jpg 150w, https:\/\/mexicoborderdentist.com\/wp-content\/uploads\/full-mouth-restoration-200x120.jpg 200w\" sizes=\"(max-width: 250px) 100vw, 250px\" \/><\/a><\/figure>\r\n\r\n\r\n\r\n<h3 class=\"wp-block-heading has-text-align-center\"><strong><a href=\"https:\/\/mexicoborderdentist.com\/es\/tratamientos-dentales\/puentes-dentales\/\" target=\"_blank\" rel=\"noreferrer noopener\">Puente dental<\/a><\/strong><\/h3>\r\n\r\n\r\n\r\n<p>La sonrisa es un rasgo importante para todas las personas. La falta de dientes o los dientes da\u00f1ados no s\u00f3lo afectan a la apariencia....<\/p>\r\n<\/div>\r\n\r\n\r\n\r\n<div class=\"wp-block-column clinic-card is-layout-flow wp-block-column-is-layout-flow\">\r\n<figure class=\"wp-block-image aligncenter is-style-rounded\"><a href=\"https:\/\/mexicoborderdentist.com\/es\/tratamientos-dentales\/coronas-dentales\/\" target=\"_blank\" rel=\"noopener\"><img loading=\"lazy\" decoding=\"async\" width=\"250\" height=\"150\" class=\"wp-image-37404\" style=\"aspect-ratio: 1; object-fit: contain;\" src=\"https:\/\/mexicoborderdentist.com\/wp-content\/uploads\/Dental-crowns.webp\" alt=\"coronas dentales\" title=\"\" srcset=\"https:\/\/mexicoborderdentist.com\/wp-content\/uploads\/Dental-crowns.webp 250w, https:\/\/mexicoborderdentist.com\/wp-content\/uploads\/Dental-crowns-150x90.webp 150w, https:\/\/mexicoborderdentist.com\/wp-content\/uploads\/Dental-crowns-200x120.webp 200w\" sizes=\"(max-width: 250px) 100vw, 250px\" \/><\/a><\/figure>\r\n\r\n\r\n\r\n<h3 class=\"wp-block-heading has-text-align-center\"><strong><a href=\"https:\/\/mexicoborderdentist.com\/es\/tratamientos-dentales\/coronas-dentales\/\" target=\"_blank\" rel=\"noopener\">Coronas dentales<\/a><\/strong><\/h3>\r\n\r\n\r\n\r\n<p>Las coronas dentales en M\u00e9xico se han desarrollado como un m\u00e9todo para salvar los dientes da\u00f1ados y para proteger y restaurar la completa.....<\/p>\r\n<\/div>\r\n\r\n\r\n\r\n<div class=\"wp-block-column clinic-card is-layout-flow wp-block-column-is-layout-flow\">\r\n<figure class=\"wp-block-image aligncenter is-style-rounded\"><a href=\"https:\/\/mexicoborderdentist.com\/es\/tratamientos-dentales\/tratamiento-de-ortodoncia\/\" target=\"_blank\" rel=\"noopener\"><img loading=\"lazy\" decoding=\"async\" width=\"250\" height=\"150\" class=\"wp-image-37408\" style=\"aspect-ratio: 1; object-fit: cover;\" src=\"https:\/\/mexicoborderdentist.com\/wp-content\/uploads\/orthodontics.webp\" alt=\"ortodoncia\" title=\"\" srcset=\"https:\/\/mexicoborderdentist.com\/wp-content\/uploads\/orthodontics.webp 250w, https:\/\/mexicoborderdentist.com\/wp-content\/uploads\/orthodontics-150x90.webp 150w, https:\/\/mexicoborderdentist.com\/wp-content\/uploads\/orthodontics-200x120.webp 200w\" sizes=\"(max-width: 250px) 100vw, 250px\" \/><\/a><\/figure>\r\n\r\n\r\n\r\n<h3 class=\"wp-block-heading has-text-align-center\"><strong><a href=\"https:\/\/mexicoborderdentist.com\/es\/tratamientos-dentales\/tratamiento-de-ortodoncia\/\" target=\"_blank\" rel=\"noopener\">Ortodoncia<\/a><\/strong><\/h3>\r\n\r\n\r\n\r\n<p>En otros tiempos, <a href=\"https:\/\/www.placidway.com\/subtreatment\/43\/Orthodontics\" target=\"_blank\" rel=\"noreferrer noopener\">ortodoncia<\/a> los procedimientos parec\u00edan consistir sobre todo en aparatos para adolescentes con el fin de arreglar dientes mal alineados...<\/p>\r\n<\/div>\r\n<\/div>\r\n\r\n\r\n\r\n<div class=\"wp-block-columns is-layout-flex wp-container-core-columns-is-layout-28f84493 wp-block-columns-is-layout-flex\">\r\n<div class=\"wp-block-column clinic-card is-layout-flow wp-block-column-is-layout-flow\">\r\n<figure class=\"wp-block-image aligncenter is-style-rounded\"><a href=\"https:\/\/mexicoborderdentist.com\/es\/tratamientos-dentales\/tratamiento-de-conducto\/\" target=\"_blank\" rel=\"noopener\"><img loading=\"lazy\" decoding=\"async\" width=\"250\" height=\"150\" class=\"wp-image-37409\" style=\"aspect-ratio: 1; object-fit: cover;\" src=\"https:\/\/mexicoborderdentist.com\/wp-content\/uploads\/Root-Canal.webp\" alt=\"Endodoncia\" title=\"\" srcset=\"https:\/\/mexicoborderdentist.com\/wp-content\/uploads\/Root-Canal.webp 250w, https:\/\/mexicoborderdentist.com\/wp-content\/uploads\/Root-Canal-150x90.webp 150w, https:\/\/mexicoborderdentist.com\/wp-content\/uploads\/Root-Canal-200x120.webp 200w\" sizes=\"(max-width: 250px) 100vw, 250px\" \/><\/a><\/figure>\r\n\r\n\r\n\r\n<h3 class=\"wp-block-heading has-text-align-center\"><a href=\"https:\/\/mexicoborderdentist.com\/es\/tratamientos-dentales\/tratamiento-de-conducto\/\" target=\"_blank\" rel=\"noreferrer noopener\"><strong>Endodoncia<\/strong><\/a><\/h3>\r\n\r\n\r\n\r\n<p>Tambi\u00e9n conocido como tratamiento endod\u00f3ntico, el tratamiento de conductos es un procedimiento dental que trata los problemas relacionados...<\/p>\r\n<\/div>\r\n\r\n\r\n\r\n<div class=\"wp-block-column clinic-card is-layout-flow wp-block-column-is-layout-flow\">\r\n<figure class=\"wp-block-image aligncenter is-style-rounded\"><a href=\"https:\/\/mexicoborderdentist.com\/es\/tratamientos-dentales\/extraccion-de-la-muela-del-juicio\/\" target=\"_blank\" rel=\"noopener\"><img loading=\"lazy\" decoding=\"async\" width=\"250\" height=\"150\" class=\"wp-image-38909\" style=\"aspect-ratio: 1; object-fit: contain;\" src=\"https:\/\/mexicoborderdentist.com\/wp-content\/uploads\/dentures-2-1.webp\" alt=\"dentadura postiza en m\u00e9xico\" title=\"\" srcset=\"https:\/\/mexicoborderdentist.com\/wp-content\/uploads\/dentures-2-1.webp 250w, https:\/\/mexicoborderdentist.com\/wp-content\/uploads\/dentures-2-1-150x90.webp 150w\" sizes=\"(max-width: 250px) 100vw, 250px\" \/><\/a><\/figure>\r\n\r\n\r\n\r\n<h3 class=\"wp-block-heading has-text-align-center\"><strong><a href=\"https:\/\/mexicoborderdentist.com\/es\/tratamientos-dentales\/extraccion-de-la-muela-del-juicio\/\" target=\"_blank\" rel=\"noopener\">Extracci\u00f3n de muelas del juicio<\/a><\/strong><\/h3>\r\n\r\n\r\n\r\n<p>Las muelas del juicio suelen ser los \u00faltimos dientes en erupcionar. Si est\u00e1n sanas y son funcionales, pueden ser \u00fatiles. Sin embargo, hay ...<\/p>\r\n<\/div>\r\n\r\n\r\n\r\n<div class=\"wp-block-column is-layout-flow wp-block-column-is-layout-flow\">\u00a0<\/div>\r\n<\/div>","protected":false},"excerpt":{"rendered":"<p>All on 4 Dental Implants The all-on-4 dental implants is a system developed recently as a solution for people who [&hellip;]<\/p>\n","protected":false},"author":1,"featured_media":37402,"parent":0,"menu_order":0,"comment_status":"closed","ping_status":"closed","template":"","meta":{"_acf_changed":false,"site-sidebar-layout":"default","site-content-layout":"","ast-site-content-layout":"default","site-content-style":"default","site-sidebar-style":"default","ast-global-header-display":"","ast-banner-title-visibility":"","ast-main-header-display":"","ast-hfb-above-header-display":"","ast-hfb-below-header-display":"","ast-hfb-mobile-header-display":"","site-post-title":"","ast-breadcrumbs-content":"","ast-featured-img":"","footer-sml-layout":"","ast-disable-related-posts":"","theme-transparent-header-meta":"","adv-header-id-meta":"","stick-header-meta":"","header-above-stick-meta":"","header-main-stick-meta":"","header-below-stick-meta":"","astra-migrate-meta-layouts":"default","ast-page-background-enabled":"default","ast-page-background-meta":{"desktop":{"background-color":"var(--ast-global-color-5)","background-image":"","background-repeat":"repeat","background-position":"center center","background-size":"auto","background-attachment":"scroll","background-type":"","background-media":"","overlay-type":"","overlay-color":"","overlay-opacity":"","overlay-gradient":""},"tablet":{"background-color":"","background-image":"","background-repeat":"repeat","background-position":"center center","background-size":"auto","background-attachment":"scroll","background-type":"","background-media":"","overlay-type":"","overlay-color":"","overlay-opacity":"","overlay-gradient":""},"mobile":{"background-color":"","background-image":"","background-repeat":"repeat","background-position":"center center","background-size":"auto","background-attachment":"scroll","background-type":"","background-media":"","overlay-type":"","overlay-color":"","overlay-opacity":"","overlay-gradient":""}},"ast-content-background-meta":{"desktop":{"background-color":"var(--ast-global-color-4)","background-image":"","background-repeat":"repeat","background-position":"center center","background-size":"auto","background-attachment":"scroll","background-type":"","background-media":"","overlay-type":"","overlay-color":"","overlay-opacity":"","overlay-gradient":""},"tablet":{"background-color":"var(--ast-global-color-4)","background-image":"","background-repeat":"repeat","background-position":"center center","background-size":"auto","background-attachment":"scroll","background-type":"","background-media":"","overlay-type":"","overlay-color":"","overlay-opacity":"","overlay-gradient":""},"mobile":{"background-color":"var(--ast-global-color-4)","background-image":"","background-repeat":"repeat","background-position":"center center","background-size":"auto","background-attachment":"scroll","background-type":"","background-media":"","overlay-type":"","overlay-color":"","overlay-opacity":"","overlay-gradient":""}},"footnotes":""},"class_list":["post-13602","page","type-page","status-publish","has-post-thumbnail","hentry"],"acf":[],"_links":{"self":[{"href":"https:\/\/mexicoborderdentist.com\/es\/wp-json\/wp\/v2\/pages\/13602","targetHints":{"allow":["GET"]}}],"collection":[{"href":"https:\/\/mexicoborderdentist.com\/es\/wp-json\/wp\/v2\/pages"}],"about":[{"href":"https:\/\/mexicoborderdentist.com\/es\/wp-json\/wp\/v2\/types\/page"}],"author":[{"embeddable":true,"href":"https:\/\/mexicoborderdentist.com\/es\/wp-json\/wp\/v2\/users\/1"}],"replies":[{"embeddable":true,"href":"https:\/\/mexicoborderdentist.com\/es\/wp-json\/wp\/v2\/comments?post=13602"}],"version-history":[{"count":0,"href":"https:\/\/mexicoborderdentist.com\/es\/wp-json\/wp\/v2\/pages\/13602\/revisions"}],"wp:featuredmedia":[{"embeddable":true,"href":"https:\/\/mexicoborderdentist.com\/es\/wp-json\/wp\/v2\/media\/37402"}],"wp:attachment":[{"href":"https:\/\/mexicoborderdentist.com\/es\/wp-json\/wp\/v2\/media?parent=13602"}],"curies":[{"name":"wp","href":"https:\/\/api.w.org\/{rel}","templated":true}]}}