
{"id":13577,"date":"2024-03-18T12:37:05","date_gmt":"2024-03-18T12:37:05","guid":{"rendered":"https:\/\/mexicoborderde.wpengine.com\/?page_id=13577"},"modified":"2024-03-18T12:37:05","modified_gmt":"2024-03-18T12:37:05","slug":"mejor-dentista-en-mexicali-mexico","status":"publish","type":"page","link":"https:\/\/mexicoborderdentist.com\/es\/mejor-dentista-en-mexicali-mexico\/","title":{"rendered":"Top Dentistas en Mexicali Mexico"},"content":{"rendered":"<figure class=\"wp-block-image aligncenter\"><img fetchpriority=\"high\" decoding=\"async\" width=\"900\" height=\"365\" src=\"https:\/\/mexicoborderdentist.com\/wp-content\/uploads\/Best-Dentists-in-Mexicali-Mexico.png\" alt=\"Los mejores dentistas en Mexicali M\u00e9xico\" class=\"wp-image-40893\" title=\"\" srcset=\"https:\/\/mexicoborderdentist.com\/wp-content\/uploads\/Best-Dentists-in-Mexicali-Mexico.png 900w, https:\/\/mexicoborderdentist.com\/wp-content\/uploads\/Best-Dentists-in-Mexicali-Mexico-300x122.png 300w, https:\/\/mexicoborderdentist.com\/wp-content\/uploads\/Best-Dentists-in-Mexicali-Mexico-150x61.png 150w, https:\/\/mexicoborderdentist.com\/wp-content\/uploads\/Best-Dentists-in-Mexicali-Mexico-768x311.png 768w\" sizes=\"(max-width: 900px) 100vw, 900px\" \/><\/figure>\n\n\n\n<h2 class=\"wp-block-heading\"><span class=\"ez-toc-section\" id=\"the-ultimate-guide-to-dentists-in-mexicali-mexico\"><\/span><strong>La Gu\u00eda Definitiva de Dentistas en Mexicali M\u00e9xico<\/strong><span class=\"ez-toc-section-end\"><\/span><\/h2>\n\n\n\n<p>\u00bfBuscas un dentista en Mexicali M\u00e9xico? \u00a1Usted ha venido al lugar correcto! En este art\u00edculo, discutiremos todo lo que necesitas saber para encontrar un dentista en Mexicali. Hablaremos sobre los diferentes tipos de dentistas disponibles, qu\u00e9 buscar al elegir un dentista y c\u00f3mo aprovechar al m\u00e1ximo su visita. As\u00ed que si eres nuevo en Mexicali o simplemente est\u00e1s buscando un nuevo dentista, \u00a1sigue leyendo para obtener informaci\u00f3n que te ayudar\u00e1 a tomar la mejor decisi\u00f3n posible!<\/p>\n\n\n\n<h2 class=\"wp-block-heading\"><span class=\"ez-toc-section\" id=\"how-to-choose-a-reputable-dentist-in-mexicali-mexico\"><\/span><strong>\u00bfC\u00f3mo elegir un dentista de buena reputaci\u00f3n en Mexicali M\u00e9xico?<\/strong><span class=\"ez-toc-section-end\"><\/span><\/h2>\n\n\n\n<p>Hay muchas cosas a considerar al elegir un dentista en Mexicali M\u00e9xico. Lo m\u00e1s importante es encontrar un dentista de buena reputaci\u00f3n que tenga experiencia en el tratamiento de pacientes. Tambi\u00e9n debe considerar la ubicaci\u00f3n de la oficina del dentista, as\u00ed como el tipo de servicios que ofrecen. Aqu\u00ed hay algunos consejos para ayudarle a elegir un dentista de confianza en Mexicali:<\/p>\n\n\n\n<ul class=\"wp-block-list\">\n<li>Pregunta a tus amigos o familiares si tienen alguna recomendaci\u00f3n.<\/li>\n\n\n\n<li>Consulte los comentarios en Internet para hacerse una idea de lo que otros pacientes han dicho del dentista.<\/li>\n\n\n\n<li>Aseg\u00farese de que el dentista tiene licencia y est\u00e1 asegurado.<\/li>\n\n\n\n<li>Pregunte al dentista por su experiencia en el tratamiento de pacientes con sus necesidades dentales espec\u00edficas.<\/li>\n\n\n\n<li>Programe una consulta para conocer al dentista y preguntarle cualquier duda que tenga.<\/li>\n<\/ul>\n\n\n\n<h2 class=\"wp-block-heading\"><span class=\"ez-toc-section\" id=\"best-dentists-in-mexicali-mexico\"><\/span><strong>Los mejores dentistas en Mexicali M\u00e9xico<\/strong><span class=\"ez-toc-section-end\"><\/span><\/h2>\n\n\n\n<p>Hay muchos grandes dentistas disponibles en Mexicali M\u00e9xico. Sin embargo, es importante elegir el dentista adecuado para sus necesidades espec\u00edficas. Aqu\u00ed hay algunas cosas a considerar al elegir un dentista:<\/p>\n\n\n\n<ul class=\"wp-block-list\">\n<li>\u00bfQu\u00e9 tipo de tratamiento dental necesita?<\/li>\n\n\n\n<li>\u00bfCon qu\u00e9 frecuencia necesita ir al dentista?<\/li>\n\n\n\n<li>\u00bfCu\u00e1l es su presupuesto para cuidados dentales?<\/li>\n\n\n\n<li>\u00bfCu\u00e1les son sus requisitos de seguro?<\/li>\n\n\n\n<li>\u00bfTiene necesidades o preferencias especiales?<\/li>\n<\/ul>\n\n\n\n<p>Una vez considerados estos factores, puede empezar a reducir sus opciones.<\/p>\n\n\n\n<p>Aqu\u00ed est\u00e1n algunos de los mejores dentistas en Mexicali M\u00e9xico.<\/p>\n\n\n\n<p><strong>Cl\u00ednica dental: <a href=\"https:\/\/mexicoborderdentist.com\/clinic\/dental-elizondo-in-mexicali-mexico\/\" target=\"_blank\" rel=\"noopener\">Grupo Dental Elizondo en Mexicali M\u00e9xico<\/a><\/strong><\/p>\n\n\n\n<p><strong>Dentistas asociados:<\/strong><\/p>\n\n\n\n<div class=\"wp-block-columns is-layout-flex wp-container-core-columns-is-layout-28f84493 wp-block-columns-is-layout-flex\">\n<div class=\"wp-block-column clinic-card is-layout-flow wp-block-column-is-layout-flow\">\n<figure class=\"wp-block-image aligncenter wp-image-40774 size-full\"><img decoding=\"async\" width=\"300\" height=\"300\" src=\"https:\/\/mexicoborderdentist.com\/wp-content\/uploads\/Doctor-1-Saul-Elizondo-Medina-Image.png\" alt=\"Dentista Saul Elizondo Medina\" class=\"wp-image-40774\" title=\"\" srcset=\"https:\/\/mexicoborderdentist.com\/wp-content\/uploads\/Doctor-1-Saul-Elizondo-Medina-Image.png 300w, https:\/\/mexicoborderdentist.com\/wp-content\/uploads\/Doctor-1-Saul-Elizondo-Medina-Image-150x150.png 150w, https:\/\/mexicoborderdentist.com\/wp-content\/uploads\/Doctor-1-Saul-Elizondo-Medina-Image-63x63.png 63w, https:\/\/mexicoborderdentist.com\/wp-content\/uploads\/Doctor-1-Saul-Elizondo-Medina-Image-84x84.png 84w\" sizes=\"(max-width: 300px) 100vw, 300px\" \/><figcaption class=\"wp-element-caption\">Dentista Saul Elizondo Medina<\/figcaption><\/figure>\n<\/div>\n\n\n\n<div class=\"wp-block-column clinic-card is-layout-flow wp-block-column-is-layout-flow\">\n<figure class=\"wp-block-image aligncenter wp-image-40775 size-full\"><img decoding=\"async\" width=\"300\" height=\"300\" src=\"https:\/\/mexicoborderdentist.com\/wp-content\/uploads\/Doctor-2-Eduardo-Barreda-Image.png\" alt=\"Dentista Eduardo Barreda\" class=\"wp-image-40775\" title=\"\" srcset=\"https:\/\/mexicoborderdentist.com\/wp-content\/uploads\/Doctor-2-Eduardo-Barreda-Image.png 300w, https:\/\/mexicoborderdentist.com\/wp-content\/uploads\/Doctor-2-Eduardo-Barreda-Image-150x150.png 150w, https:\/\/mexicoborderdentist.com\/wp-content\/uploads\/Doctor-2-Eduardo-Barreda-Image-63x63.png 63w, https:\/\/mexicoborderdentist.com\/wp-content\/uploads\/Doctor-2-Eduardo-Barreda-Image-84x84.png 84w\" sizes=\"(max-width: 300px) 100vw, 300px\" \/><figcaption class=\"wp-element-caption\">Dentista Eduardo Barreda<\/figcaption><\/figure>\n<\/div>\n\n\n\n<div class=\"wp-block-column clinic-card is-layout-flow wp-block-column-is-layout-flow\">\n<figure class=\"wp-block-image aligncenter wp-image-40776 size-full\"><img loading=\"lazy\" decoding=\"async\" width=\"300\" height=\"300\" src=\"https:\/\/mexicoborderdentist.com\/wp-content\/uploads\/Doctor-3-Hector-Ivan-Gomez-Image.png\" alt=\"Dentista H\u00e9ctor Iv\u00e1n G\u00f3mez\" class=\"wp-image-40776\" title=\"\" srcset=\"https:\/\/mexicoborderdentist.com\/wp-content\/uploads\/Doctor-3-Hector-Ivan-Gomez-Image.png 300w, https:\/\/mexicoborderdentist.com\/wp-content\/uploads\/Doctor-3-Hector-Ivan-Gomez-Image-150x150.png 150w, https:\/\/mexicoborderdentist.com\/wp-content\/uploads\/Doctor-3-Hector-Ivan-Gomez-Image-63x63.png 63w, https:\/\/mexicoborderdentist.com\/wp-content\/uploads\/Doctor-3-Hector-Ivan-Gomez-Image-84x84.png 84w\" sizes=\"(max-width: 300px) 100vw, 300px\" \/><figcaption class=\"wp-element-caption\">Dentista H\u00e9ctor Iv\u00e1n G\u00f3mez<\/figcaption><\/figure>\n<\/div>\n<\/div>\n\n\n\n<p><strong>Cl\u00ednica dental: <a href=\"https:\/\/mexicoborderdentist.com\/es\/clinica\/dg-dental\/\" target=\"_blank\" rel=\"noopener\">DG Dental Dra. Diana Gastelum<\/a><\/strong><\/p>\n\n\n\n<p><strong>Dentistas asociados:<\/strong><\/p>\n\n\n\n<figure class=\"wp-block-image aligncenter\"><a href=\"https:\/\/www.placidway.com\/doctor-detail\/56457\/Dr-Diana-Gastelum-Best-Dentist-in-Mexicali\" rel=\"noopener\" target=\"_blank\"><img loading=\"lazy\" decoding=\"async\" width=\"315\" height=\"216\" src=\"https:\/\/mexicoborderdentist.com\/wp-content\/uploads\/Dr.-Diana-Gastelum.webp\" alt=\"Dra. Diana Gastelum\" class=\"wp-image-40894\" title=\"\" srcset=\"https:\/\/mexicoborderdentist.com\/wp-content\/uploads\/Dr.-Diana-Gastelum.webp 315w, https:\/\/mexicoborderdentist.com\/wp-content\/uploads\/Dr.-Diana-Gastelum-300x206.webp 300w, https:\/\/mexicoborderdentist.com\/wp-content\/uploads\/Dr.-Diana-Gastelum-150x103.webp 150w\" sizes=\"(max-width: 315px) 100vw, 315px\" \/><\/a><figcaption class=\"wp-element-caption\">Dra. Diana Gastelum<\/figcaption><\/figure>\n\n\n\n<p><strong>Otras cl\u00ednicas dentales<\/strong><\/p>\n\n\n\n<div class=\"wp-block-columns is-layout-flex wp-container-core-columns-is-layout-28f84493 wp-block-columns-is-layout-flex\">\n<div class=\"wp-block-column clinic-card is-layout-flow wp-block-column-is-layout-flow\">\n<figure class=\"wp-block-image aligncenter\"><a href=\"https:\/\/mexicoborderdentist.com\/es\/clinica\/cirugia-dental-en-mexicali-mexico-por-omar-valero-periodoncista\/\" rel=\"noopener\"><img loading=\"lazy\" decoding=\"async\" width=\"372\" height=\"240\" src=\"https:\/\/mexicoborderdentist.com\/wp-content\/uploads\/Omar-Valero-Periodontist-OVP-Logo-372.png\" alt=\"Cirugia Dental en Mexicali Mexico por Omar Valero Periodoncista\" class=\"wp-image-37777\" title=\"\" srcset=\"https:\/\/mexicoborderdentist.com\/wp-content\/uploads\/Omar-Valero-Periodontist-OVP-Logo-372.png 372w, https:\/\/mexicoborderdentist.com\/wp-content\/uploads\/Omar-Valero-Periodontist-OVP-Logo-372-300x194.png 300w, https:\/\/mexicoborderdentist.com\/wp-content\/uploads\/Omar-Valero-Periodontist-OVP-Logo-372-150x97.png 150w, https:\/\/mexicoborderdentist.com\/wp-content\/uploads\/Omar-Valero-Periodontist-OVP-Logo-372-200x129.png 200w\" sizes=\"(max-width: 372px) 100vw, 372px\" \/><\/a><figcaption class=\"wp-element-caption\">Omar Valero Periodoncista en Mexicali<\/figcaption><\/figure>\n<\/div>\n\n\n\n<div class=\"wp-block-column clinic-card is-layout-flow wp-block-column-is-layout-flow\">\n<figure class=\"wp-block-image aligncenter\"><a href=\"https:\/\/mexicoborderdentist.com\/es\/clinica\/lif-ortodoncia-ortodoncista-en-mexicali\/\" rel=\"noopener\"><img loading=\"lazy\" decoding=\"async\" width=\"372\" height=\"240\" src=\"https:\/\/mexicoborderdentist.com\/wp-content\/uploads\/LIF-Orthodontica-Y-Especialidades-Dentales---Top-Orthodontics-in-Mexicali.png\" alt=\"LIF Orthodontica Y Especialidades Dentales - Top Ortodoncia en Mexicali\" class=\"wp-image-37689\" title=\"\" srcset=\"\" sizes=\"(max-width: 372px) 100vw, 372px\" data-srcset=\"\" \/><\/a><figcaption class=\"wp-element-caption\">LIF Ortodoncia<\/figcaption><\/figure>\n<\/div>\n\n\n\n<div class=\"wp-block-column clinic-card is-layout-flow wp-block-column-is-layout-flow\">\n<figure class=\"wp-block-image aligncenter\"><a href=\"https:\/\/mexicoborderdentist.com\/clinic\/welcome-dental-brush-orthodontics-smile-correction-mexicali-mexico\/\" rel=\"noopener\"><img loading=\"lazy\" decoding=\"async\" width=\"372\" height=\"240\" src=\"https:\/\/mexicoborderdentist.com\/wp-content\/uploads\/dental-brush-logo.png\" alt=\"cepillo dental tijuana\" class=\"wp-image-39475\" title=\"\" srcset=\"https:\/\/mexicoborderdentist.com\/wp-content\/uploads\/dental-brush-logo.png 372w, https:\/\/mexicoborderdentist.com\/wp-content\/uploads\/dental-brush-logo-300x194.png 300w, https:\/\/mexicoborderdentist.com\/wp-content\/uploads\/dental-brush-logo-150x97.png 150w\" sizes=\"(max-width: 372px) 100vw, 372px\" \/><\/a><figcaption class=\"wp-element-caption\">Cepillo Dental Mexicali<\/figcaption><\/figure>\n<\/div>\n<\/div>\n\n\n\n<h2 class=\"wp-block-heading\"><span class=\"ez-toc-section\" id=\"how-to-visit-mexicali-mexico\"><\/span>\u00bfC\u00f3mo Visitar Mexicali M\u00e9xico?<span class=\"ez-toc-section-end\"><\/span><\/h2>\n\n\n\n<div class=\"wp-block-columns is-layout-flex wp-container-core-columns-is-layout-28f84493 wp-block-columns-is-layout-flex\">\n<div class=\"wp-block-column is-layout-flow wp-block-column-is-layout-flow\">\n<p><a href=\"https:\/\/mexicoborderdentist.com\/es\/top-dentistry-vacaciones-tratamiento-dental-en-mexicali-mexico\/\" target=\"_blank\" rel=\"noopener\"><strong>Mexicali<\/strong><\/a>&nbsp;es la capital de Baja California, situada en el noroeste de M\u00e9xico, justo enfrente de Calexico (California). Su proximidad a EE.UU. la convierte en un destino tur\u00edstico muy habitual, sobre todo para mochileros y excursionistas de un d\u00eda. Mexicali tambi\u00e9n est\u00e1 junto a varios aeropuertos, por lo que es muy accesible para el turismo de viajes y dental.<\/p>\n<\/div>\n\n\n\n<div class=\"wp-block-column is-layout-flow wp-block-column-is-layout-flow\">\n<figure class=\"wp-block-image aligncenter size-full\"><img loading=\"lazy\" decoding=\"async\" width=\"547\" height=\"365\" src=\"https:\/\/mexicoborderdentist.com\/wp-content\/uploads\/Mexicali-Mexico-1.png\" alt=\"Mexicali M\u00e9xico\" class=\"wp-image-40895\" style=\"aspect-ratio:16\/9;object-fit:cover\" title=\"\" srcset=\"https:\/\/mexicoborderdentist.com\/wp-content\/uploads\/Mexicali-Mexico-1.png 547w, https:\/\/mexicoborderdentist.com\/wp-content\/uploads\/Mexicali-Mexico-1-300x200.png 300w, https:\/\/mexicoborderdentist.com\/wp-content\/uploads\/Mexicali-Mexico-1-150x100.png 150w\" sizes=\"(max-width: 547px) 100vw, 547px\" \/><\/figure>\n<\/div>\n<\/div>\n\n\n\n<h3 class=\"wp-block-heading\"><strong>Viaje desde Yuma y San Diego<\/strong><\/h3>\n\n\n\n<h4 class=\"wp-block-heading\"><strong>VIAJANDO EN AVI\u00d3N:&nbsp;<\/strong><\/h4>\n\n\n\n<p>Usted puede visitar Mexicali y llegar en avi\u00f3n a cualquiera de estos aeropuertos - Aeropuerto Internacional de San Diego y Aeropuerto Internacional de Yuma. Debido a la accesibilidad de Mexicali, aqu\u00ed est\u00e1n las opciones de viaje utilizando un coche alquilado cuando se llega desde cualquiera de estos aeropuertos.<\/p>\n\n\n\n<h4 class=\"wp-block-heading\"><strong>VIAJANDO POR TIERRA:<\/strong><\/h4>\n\n\n\n<p>Mexicali se encuentra en el cruce de las principales carreteras y autopistas, por eso viajar por tierra es muy accesible. Algunas de las principales carreteras e interestatales son: Federal Hi-way 2 que va de oeste a este de Tijuana a San Luis R\u00edo Colorado, Sonora; Interestatal 8 de San Diego, CA a Arizona; y Federal Hi-way 5 a San Felipe.<\/p>\n\n\n\n<h3 class=\"wp-block-heading\"><strong>Desde el Aeropuerto Internacional de San Diego<\/strong><\/h3>\n\n\n\n<p>El Aeropuerto Internacional de San Diego es el principal aeropuerto m\u00e1s cercano a Mexicali. Desde all\u00ed, puede tomar un autob\u00fas hasta el centro de San Diego. Desde San Diego, haga transbordo a un autob\u00fas Greyhound con destino a Calexico (California) y cruce a pie la frontera hasta Mexicali.  Tambi\u00e9n puede hacer transbordo a la Blue Line Trolley, desde el centro de San Ysidro. Desde all\u00ed, puede caminar hasta Tijuana y tomar un ABC o <em>Grupo Estrella<\/em> l\u00ednea de autob\u00fas a Mexicali.<\/p>\n\n\n\n<h3 class=\"wp-block-heading\"><strong>Desde el Aeropuerto Internacional de Yuma<\/strong><\/h3>\n\n\n\n<p>Desde el Aeropuerto Internacional de Yuma, tome la S Pacific Ave en direcci\u00f3n E 16th St. Para entrar en California, siga la I-8 W hasta la CA-98 W en direcci\u00f3n Imperial County. Luego, tome la salida CA-98 de la I-8 W. Siga por Tijuana-Mexicali y Carr Federal 2 de Cuota hasta Boulevard y gire a la izquierda hacia Defensores de Baja California en Tecate, M\u00e9xico. Conduciendo desde Yuma tardar\u00e1 2 horas y 41 minutos en llegar a Tecate.<\/p>\n\n\n\n<p class=\"has-text-align-center\"><strong>Cont\u00e1ctanos hoy para obtener Consulta con los mejores Dentistas en Mexicali M\u00e9xico<\/strong><\/p>\n\n\n\n<figure class=\"wp-block-image aligncenter\"><a href=\"https:\/\/www.placidway.com\/request-info\" target=\"_blank\" rel=\"noopener\"><img loading=\"lazy\" decoding=\"async\" width=\"400\" height=\"100\" src=\"https:\/\/mexicoborderdentist.com\/wp-content\/uploads\/Contact-Us-15.png\" alt=\"Contacto\" class=\"wp-image-39688\" title=\"\" srcset=\"https:\/\/mexicoborderdentist.com\/wp-content\/uploads\/Contact-Us-15.png 400w, https:\/\/mexicoborderdentist.com\/wp-content\/uploads\/Contact-Us-15-300x75.png 300w, https:\/\/mexicoborderdentist.com\/wp-content\/uploads\/Contact-Us-15-150x38.png 150w\" sizes=\"(max-width: 400px) 100vw, 400px\" \/><\/a><\/figure>","protected":false},"excerpt":{"rendered":"<p>The Ultimate Guide to Dentists in Mexicali Mexico Looking for a dentist in Mexicali Mexico? You&#8217;ve come to the right [&hellip;]<\/p>\n","protected":false},"author":1,"featured_media":40895,"parent":0,"menu_order":0,"comment_status":"closed","ping_status":"closed","template":"","meta":{"_acf_changed":false,"site-sidebar-layout":"default","site-content-layout":"","ast-site-content-layout":"default","site-content-style":"default","site-sidebar-style":"default","ast-global-header-display":"","ast-banner-title-visibility":"","ast-main-header-display":"","ast-hfb-above-header-display":"","ast-hfb-below-header-display":"","ast-hfb-mobile-header-display":"","site-post-title":"","ast-breadcrumbs-content":"","ast-featured-img":"","footer-sml-layout":"","ast-disable-related-posts":"","theme-transparent-header-meta":"","adv-header-id-meta":"","stick-header-meta":"","header-above-stick-meta":"","header-main-stick-meta":"","header-below-stick-meta":"","astra-migrate-meta-layouts":"default","ast-page-background-enabled":"default","ast-page-background-meta":{"desktop":{"background-color":"var(--ast-global-color-5)","background-image":"","background-repeat":"repeat","background-position":"center center","background-size":"auto","background-attachment":"scroll","background-type":"","background-media":"","overlay-type":"","overlay-color":"","overlay-opacity":"","overlay-gradient":""},"tablet":{"background-color":"","background-image":"","background-repeat":"repeat","background-position":"center center","background-size":"auto","background-attachment":"scroll","background-type":"","background-media":"","overlay-type":"","overlay-color":"","overlay-opacity":"","overlay-gradient":""},"mobile":{"background-color":"","background-image":"","background-repeat":"repeat","background-position":"center center","background-size":"auto","background-attachment":"scroll","background-type":"","background-media":"","overlay-type":"","overlay-color":"","overlay-opacity":"","overlay-gradient":""}},"ast-content-background-meta":{"desktop":{"background-color":"var(--ast-global-color-4)","background-image":"","background-repeat":"repeat","background-position":"center center","background-size":"auto","background-attachment":"scroll","background-type":"","background-media":"","overlay-type":"","overlay-color":"","overlay-opacity":"","overlay-gradient":""},"tablet":{"background-color":"var(--ast-global-color-4)","background-image":"","background-repeat":"repeat","background-position":"center center","background-size":"auto","background-attachment":"scroll","background-type":"","background-media":"","overlay-type":"","overlay-color":"","overlay-opacity":"","overlay-gradient":""},"mobile":{"background-color":"var(--ast-global-color-4)","background-image":"","background-repeat":"repeat","background-position":"center center","background-size":"auto","background-attachment":"scroll","background-type":"","background-media":"","overlay-type":"","overlay-color":"","overlay-opacity":"","overlay-gradient":""}},"footnotes":""},"class_list":["post-13577","page","type-page","status-publish","has-post-thumbnail","hentry"],"acf":[],"_links":{"self":[{"href":"https:\/\/mexicoborderdentist.com\/es\/wp-json\/wp\/v2\/pages\/13577","targetHints":{"allow":["GET"]}}],"collection":[{"href":"https:\/\/mexicoborderdentist.com\/es\/wp-json\/wp\/v2\/pages"}],"about":[{"href":"https:\/\/mexicoborderdentist.com\/es\/wp-json\/wp\/v2\/types\/page"}],"author":[{"embeddable":true,"href":"https:\/\/mexicoborderdentist.com\/es\/wp-json\/wp\/v2\/users\/1"}],"replies":[{"embeddable":true,"href":"https:\/\/mexicoborderdentist.com\/es\/wp-json\/wp\/v2\/comments?post=13577"}],"version-history":[{"count":0,"href":"https:\/\/mexicoborderdentist.com\/es\/wp-json\/wp\/v2\/pages\/13577\/revisions"}],"wp:featuredmedia":[{"embeddable":true,"href":"https:\/\/mexicoborderdentist.com\/es\/wp-json\/wp\/v2\/media\/40895"}],"wp:attachment":[{"href":"https:\/\/mexicoborderdentist.com\/es\/wp-json\/wp\/v2\/media?parent=13577"}],"curies":[{"name":"wp","href":"https:\/\/api.w.org\/{rel}","templated":true}]}}